{"id":535,"date":"2020-03-31T02:46:46","date_gmt":"2020-03-31T02:46:46","guid":{"rendered":"http:\/\/toituredahmgregorfils.wedo.lu\/warmeschutz\/"},"modified":"2020-11-04T11:26:59","modified_gmt":"2020-11-04T10:26:59","slug":"isolation-thermique","status":"publish","type":"page","link":"https:\/\/toiture-dahm.lu\/fr\/isolation-thermique\/","title":{"rendered":"Isolation thermique"},"content":{"rendered":"<p>[et_pb_section fb_built=\u00a0\u00bb1&Prime; fullwidth=\u00a0\u00bbon\u00a0\u00bb _builder_version=\u00a0\u00bb4.4.2&Prime;][et_pb_fullwidth_slider _builder_version=\u00a0\u00bb4.4.8&Prime; content_width=\u00a0\u00bb100%\u00a0\u00bb min_height=\u00a0\u00bb356px\u00a0\u00bb auto=\u00a0\u00bbon\u00a0\u00bb auto_speed=\u00a0\u00bb5000&Prime;][et_pb_slide heading=\u00a0\u00bbIsolation thermique\u00a0\u00bb _builder_version=\u00a0\u00bb4.4.8&Prime; header_level=\u00a0\u00bbh4&Prime; header_font=\u00a0\u00bb|700|||||||\u00a0\u00bb header_text_align=\u00a0\u00bbcenter\u00a0\u00bb header_font_size=\u00a0\u00bb100px\u00a0\u00bb header_letter_spacing=\u00a0\u00bb0px\u00a0\u00bb header_line_height=\u00a0\u00bb1.1em\u00a0\u00bb background_color=\u00a0\u00bbrgba(0,0,0,0.14)\u00a0\u00bb background_enable_color=\u00a0\u00bbon\u00a0\u00bb background_image=\u00a0\u00bbhttps:\/\/toiture-dahm.lu\/wp-content\/uploads\/2020\/06\/isolation-warmeschutz-toiture-dahm-gregor-et-fils-luxembourg-08.jpg\u00a0\u00bb background_enable_image=\u00a0\u00bbon\u00a0\u00bb background_blend=\u00a0\u00bbmultiply\u00a0\u00bb header_font_size_tablet=\u00a0\u00bb60px\u00a0\u00bb header_font_size_phone=\u00a0\u00bb40px\u00a0\u00bb header_font_size_last_edited=\u00a0\u00bbon|phone\u00a0\u00bb sticky_transition=\u00a0\u00bbon\u00a0\u00bb][\/et_pb_slide][et_pb_slide heading=\u00a0\u00bbIsolation thermique\u00a0\u00bb _builder_version=\u00a0\u00bb4.4.8&Prime; header_level=\u00a0\u00bbh4&Prime; header_font=\u00a0\u00bb|700|||||||\u00a0\u00bb header_text_align=\u00a0\u00bbcenter\u00a0\u00bb header_font_size=\u00a0\u00bb100px\u00a0\u00bb header_letter_spacing=\u00a0\u00bb0px\u00a0\u00bb header_line_height=\u00a0\u00bb1.1em\u00a0\u00bb background_color=\u00a0\u00bbrgba(0,0,0,0.14)\u00a0\u00bb background_enable_color=\u00a0\u00bbon\u00a0\u00bb background_image=\u00a0\u00bbhttps:\/\/toiture-dahm.lu\/wp-content\/uploads\/2020\/06\/isolation-warmeschutz-toiture-dahm-gregor-et-fils-luxembourg-06.jpg\u00a0\u00bb background_enable_image=\u00a0\u00bbon\u00a0\u00bb background_blend=\u00a0\u00bbmultiply\u00a0\u00bb header_font_size_tablet=\u00a0\u00bb60px\u00a0\u00bb header_font_size_phone=\u00a0\u00bb40px\u00a0\u00bb header_font_size_last_edited=\u00a0\u00bbon|phone\u00a0\u00bb sticky_transition=\u00a0\u00bbon\u00a0\u00bb][\/et_pb_slide][et_pb_slide heading=\u00a0\u00bbIsolation thermique\u00a0\u00bb _builder_version=\u00a0\u00bb4.4.8&Prime; header_level=\u00a0\u00bbh4&Prime; header_font=\u00a0\u00bb|700|||||||\u00a0\u00bb header_text_align=\u00a0\u00bbcenter\u00a0\u00bb header_font_size=\u00a0\u00bb100px\u00a0\u00bb header_letter_spacing=\u00a0\u00bb0px\u00a0\u00bb header_line_height=\u00a0\u00bb1.1em\u00a0\u00bb background_color=\u00a0\u00bbrgba(0,0,0,0.14)\u00a0\u00bb background_enable_color=\u00a0\u00bbon\u00a0\u00bb background_image=\u00a0\u00bbhttps:\/\/toiture-dahm.lu\/wp-content\/uploads\/2020\/06\/isolation-warmeschutz-toiture-dahm-gregor-et-fils-luxembourg-05.jpg\u00a0\u00bb background_enable_image=\u00a0\u00bbon\u00a0\u00bb background_blend=\u00a0\u00bbmultiply\u00a0\u00bb header_font_size_tablet=\u00a0\u00bb60px\u00a0\u00bb header_font_size_phone=\u00a0\u00bb40px\u00a0\u00bb header_font_size_last_edited=\u00a0\u00bbon|phone\u00a0\u00bb sticky_transition=\u00a0\u00bbon\u00a0\u00bb][\/et_pb_slide][et_pb_slide heading=\u00a0\u00bbIsolation thermique\u00a0\u00bb _builder_version=\u00a0\u00bb4.4.8&Prime; header_level=\u00a0\u00bbh4&Prime; header_font=\u00a0\u00bb|700|||||||\u00a0\u00bb header_text_align=\u00a0\u00bbcenter\u00a0\u00bb header_font_size=\u00a0\u00bb100px\u00a0\u00bb header_letter_spacing=\u00a0\u00bb0px\u00a0\u00bb header_line_height=\u00a0\u00bb1.1em\u00a0\u00bb background_color=\u00a0\u00bbrgba(0,0,0,0.14)\u00a0\u00bb background_enable_color=\u00a0\u00bbon\u00a0\u00bb background_image=\u00a0\u00bbhttps:\/\/toiture-dahm.lu\/wp-content\/uploads\/2020\/06\/isolation-warmeschutz-toiture-dahm-gregor-et-fils-luxembourg-04.jpg\u00a0\u00bb background_enable_image=\u00a0\u00bbon\u00a0\u00bb background_blend=\u00a0\u00bbmultiply\u00a0\u00bb header_font_size_tablet=\u00a0\u00bb60px\u00a0\u00bb header_font_size_phone=\u00a0\u00bb40px\u00a0\u00bb header_font_size_last_edited=\u00a0\u00bbon|phone\u00a0\u00bb sticky_transition=\u00a0\u00bbon\u00a0\u00bb][\/et_pb_slide][et_pb_slide heading=\u00a0\u00bbIsolation thermique\u00a0\u00bb _builder_version=\u00a0\u00bb4.4.8&Prime; header_level=\u00a0\u00bbh4&Prime; header_font=\u00a0\u00bb|700|||||||\u00a0\u00bb header_text_align=\u00a0\u00bbcenter\u00a0\u00bb header_font_size=\u00a0\u00bb100px\u00a0\u00bb header_letter_spacing=\u00a0\u00bb0px\u00a0\u00bb header_line_height=\u00a0\u00bb1.1em\u00a0\u00bb background_color=\u00a0\u00bbrgba(0,0,0,0.14)\u00a0\u00bb background_enable_color=\u00a0\u00bbon\u00a0\u00bb background_image=\u00a0\u00bbhttps:\/\/toiture-dahm.lu\/wp-content\/uploads\/2020\/06\/isolation-warmeschutz-toiture-dahm-gregor-et-fils-luxembourg-03.jpg\u00a0\u00bb background_enable_image=\u00a0\u00bbon\u00a0\u00bb background_blend=\u00a0\u00bbmultiply\u00a0\u00bb header_font_size_tablet=\u00a0\u00bb60px\u00a0\u00bb header_font_size_phone=\u00a0\u00bb40px\u00a0\u00bb header_font_size_last_edited=\u00a0\u00bbon|phone\u00a0\u00bb sticky_transition=\u00a0\u00bbon\u00a0\u00bb][\/et_pb_slide][et_pb_slide heading=\u00a0\u00bbIsolation thermique\u00a0\u00bb _builder_version=\u00a0\u00bb4.4.8&Prime; header_level=\u00a0\u00bbh4&Prime; header_font=\u00a0\u00bb|700|||||||\u00a0\u00bb header_text_align=\u00a0\u00bbcenter\u00a0\u00bb header_font_size=\u00a0\u00bb100px\u00a0\u00bb header_letter_spacing=\u00a0\u00bb0px\u00a0\u00bb header_line_height=\u00a0\u00bb1.1em\u00a0\u00bb background_color=\u00a0\u00bbrgba(0,0,0,0.14)\u00a0\u00bb background_enable_color=\u00a0\u00bbon\u00a0\u00bb background_image=\u00a0\u00bbhttps:\/\/toiture-dahm.lu\/wp-content\/uploads\/2020\/06\/isolation-warmeschutz-toiture-dahm-gregor-et-fils-luxembourg-02.jpg\u00a0\u00bb background_enable_image=\u00a0\u00bbon\u00a0\u00bb background_blend=\u00a0\u00bbmultiply\u00a0\u00bb header_font_size_tablet=\u00a0\u00bb60px\u00a0\u00bb header_font_size_phone=\u00a0\u00bb40px\u00a0\u00bb header_font_size_last_edited=\u00a0\u00bbon|phone\u00a0\u00bb sticky_transition=\u00a0\u00bbon\u00a0\u00bb][\/et_pb_slide][et_pb_slide heading=\u00a0\u00bbIsolation thermique\u00a0\u00bb _builder_version=\u00a0\u00bb4.4.8&Prime; header_level=\u00a0\u00bbh4&Prime; header_font=\u00a0\u00bb|700|||||||\u00a0\u00bb header_text_align=\u00a0\u00bbcenter\u00a0\u00bb header_font_size=\u00a0\u00bb100px\u00a0\u00bb header_letter_spacing=\u00a0\u00bb0px\u00a0\u00bb header_line_height=\u00a0\u00bb1.1em\u00a0\u00bb background_color=\u00a0\u00bbrgba(0,0,0,0.14)\u00a0\u00bb background_enable_color=\u00a0\u00bbon\u00a0\u00bb background_image=\u00a0\u00bbhttps:\/\/toiture-dahm.lu\/wp-content\/uploads\/2020\/06\/isolation-warmeschutz-toiture-dahm-gregor-et-fils-luxembourg-07.jpg\u00a0\u00bb background_enable_image=\u00a0\u00bbon\u00a0\u00bb background_blend=\u00a0\u00bbmultiply\u00a0\u00bb header_font_size_tablet=\u00a0\u00bb60px\u00a0\u00bb header_font_size_phone=\u00a0\u00bb40px\u00a0\u00bb header_font_size_last_edited=\u00a0\u00bbon|phone\u00a0\u00bb sticky_transition=\u00a0\u00bbon\u00a0\u00bb][\/et_pb_slide][et_pb_slide heading=\u00a0\u00bbIsolation thermique\u00a0\u00bb _builder_version=\u00a0\u00bb4.4.8&Prime; header_level=\u00a0\u00bbh4&Prime; header_font=\u00a0\u00bb|700|||||||\u00a0\u00bb header_text_align=\u00a0\u00bbcenter\u00a0\u00bb header_font_size=\u00a0\u00bb100px\u00a0\u00bb header_letter_spacing=\u00a0\u00bb0px\u00a0\u00bb header_line_height=\u00a0\u00bb1.1em\u00a0\u00bb background_color=\u00a0\u00bbrgba(0,0,0,0.14)\u00a0\u00bb background_enable_color=\u00a0\u00bbon\u00a0\u00bb background_image=\u00a0\u00bbhttps:\/\/toiture-dahm.lu\/wp-content\/uploads\/2020\/06\/isolation-warmeschutz-toiture-dahm-gregor-et-fils-luxembourg-01.jpg\u00a0\u00bb background_enable_image=\u00a0\u00bbon\u00a0\u00bb background_blend=\u00a0\u00bbmultiply\u00a0\u00bb header_font_size_tablet=\u00a0\u00bb60px\u00a0\u00bb header_font_size_phone=\u00a0\u00bb40px\u00a0\u00bb header_font_size_last_edited=\u00a0\u00bbon|phone\u00a0\u00bb sticky_transition=\u00a0\u00bbon\u00a0\u00bb][\/et_pb_slide][\/et_pb_fullwidth_slider][\/et_pb_section][et_pb_section fb_built=\u00a0\u00bb1&Prime; _builder_version=\u00a0\u00bb4.4.2&Prime;][et_pb_row _builder_version=\u00a0\u00bb4.4.2&Prime;][et_pb_column type=\u00a0\u00bb4_4&Prime; _builder_version=\u00a0\u00bb4.4.2&Prime;][et_pb_text _builder_version=\u00a0\u00bb4.6.6&Prime; text_font=\u00a0\u00bbRaleway|800|||||||\u00a0\u00bb text_text_color=\u00a0\u00bb#00143B\u00a0\u00bb text_font_size=\u00a0\u00bb20px\u00a0\u00bb text_line_height=\u00a0\u00bb34px\u00a0\u00bb header_font=\u00a0\u00bbRaleway|700|||||||\u00a0\u00bb header_text_color=\u00a0\u00bb#00143b\u00a0\u00bb text_orientation=\u00a0\u00bbcenter\u00a0\u00bb hover_enabled=\u00a0\u00bb0&Prime; header_font_size_tablet=\u00a0\u00bb\u00a0\u00bb header_font_size_phone=\u00a0\u00bb\u00a0\u00bb header_font_size_last_edited=\u00a0\u00bbon|phone\u00a0\u00bb sticky_enabled=\u00a0\u00bb0&Prime;]<\/p>\n<h1>Isolation thermique<\/h1>\n<p>[\/et_pb_text][\/et_pb_column][\/et_pb_row][et_pb_row _builder_version=\u00a0\u00bb4.4.2&Prime; max_width=\u00a0\u00bb712px\u00a0\u00bb][et_pb_column type=\u00a0\u00bb4_4&Prime; _builder_version=\u00a0\u00bb4.4.2&Prime;][et_pb_text module_class=\u00a0\u00bbborder-style\u00a0\u00bb _builder_version=\u00a0\u00bb4.6.6&Prime; text_font=\u00a0\u00bbRaleway||||||||\u00a0\u00bb text_text_color=\u00a0\u00bb#00143B\u00a0\u00bb text_line_height=\u00a0\u00bb22px\u00a0\u00bb custom_margin=\u00a0\u00bb||0px||false|false\u00a0\u00bb custom_padding=\u00a0\u00bb0px||0px|40px|true|false\u00a0\u00bb hover_enabled=\u00a0\u00bb0&Prime; sticky_enabled=\u00a0\u00bb0&Prime; header_2_font=\u00a0\u00bbRaleway||||||||\u00a0\u00bb header_2_text_color=\u00a0\u00bb#00143b\u00a0\u00bb header_2_font_size=\u00a0\u00bb20px\u00a0\u00bb header_3_font=\u00a0\u00bbRaleway||||||||\u00a0\u00bb header_3_text_color=\u00a0\u00bb#00143b\u00a0\u00bb header_3_font_size=\u00a0\u00bb20px\u00a0\u00bb header_4_font=\u00a0\u00bbRaleway||||||||\u00a0\u00bb header_4_text_color=\u00a0\u00bb#00143b\u00a0\u00bb header_4_font_size=\u00a0\u00bb20px\u00a0\u00bb]<\/p>\n<p>En raison de la hausse constante des prix de l&rsquo;\u00e9nergie, l&rsquo;isolation thermique est aujourd&rsquo;hui l&rsquo;un des aspects les plus importants de la toiture. Si vous voulez utiliser l&rsquo;espace sous le toit comme pi\u00e8ce chauff\u00e9e, vous devez isoler le toit. Pour qu&rsquo;il fasse beau et frais en \u00e9t\u00e9 et que vous n&rsquo;ayez pas \u00e0 geler en hiver, nous vous offrons de nombreuses possibilit\u00e9s d&rsquo;isolation du toit. Cela conduit \u00e0 plus de bien-\u00eatre et diminue en m\u00eame temps les d\u00e9penses.<\/p>\n<p>N&rsquo;h\u00e9sitez pas \u00e0 nous demander, nous serons heureux de vous conseiller.<\/p>\n<p><strong><\/strong><\/p>\n<h2><strong>Les diff\u00e9rents types d&rsquo;isolation<\/strong><\/h2>\n<p><strong><\/strong><\/p>\n<p>Selon la toiture et le besoin de r\u00e9novation, l&rsquo;isolation au-dessus des chevrons, entre les chevrons ou sous les chevrons est la meilleure option. L&rsquo;isolation par l&rsquo;ext\u00e9rieur (isolation au-dessus des chevrons) est la meilleure solution si le toit doit \u00eatre recouvert ou dans le cas de nouveaux b\u00e2timents. Comme il n&rsquo;est pas possible de placer une couche d&rsquo;isolation suffisamment \u00e9paisse entre les chevrons et que l&rsquo;isolation sous les chevrons r\u00e9duit l&rsquo;espace sous la toiture, il est conseill\u00e9 de combiner les deux formes d&rsquo;isolation.<\/p>\n<p><strong><\/strong><\/p>\n<h3><strong>\u00c9conomiser les co\u00fbts \u00e9nerg\u00e9tiques gr\u00e2ce \u00e0 une isolation professionnelle<\/strong><\/h3>\n<p><strong><\/strong><\/p>\n<p>L&rsquo;isolation des toits augmente votre sentiment de bien-\u00eatre en \u00e9t\u00e9 et en hiver et soulage en m\u00eame temps votre budget \u00e0 long terme. Si vous pr\u00e9voyez de vendre votre propri\u00e9t\u00e9 \u00e0 l&rsquo;avenir, vous en augmenterez aussi consid\u00e9rablement la valeur et l&rsquo;attrait.<\/p>\n<p><strong><\/strong><\/p>\n<h4><strong>Contactez-nous pour une isolation thermique optimale<\/strong><\/h4>\n<p><strong><\/strong><\/p>\n<p>Contactez-nous ou utilisez notre <a href=\"https:\/\/toiture-dahm.lu\/fr\/contactez-nous\/\">formulaire de contact<\/a> afin que nous puissions avoir une premi\u00e8re discussion sans engagement.<\/p>\n<p>[\/et_pb_text][\/et_pb_column][\/et_pb_row][\/et_pb_section][et_pb_section fb_built=\u00a0\u00bb1&Prime; _builder_version=\u00a0\u00bb4.5.1&Prime; background_color=\u00a0\u00bb#163d8a\u00a0\u00bb background_image=\u00a0\u00bbhttps:\/\/toiture-dahm.lu\/wp-content\/uploads\/2020\/09\/Toiture-Dahm-Gregor-fils-Kontaktformular-Background-1.jpg\u00a0\u00bb background_size=\u00a0\u00bbinitial\u00a0\u00bb background_position=\u00a0\u00bbbottom_left\u00a0\u00bb background_last_edited=\u00a0\u00bbon|phone\u00a0\u00bb background_enable_image_phone=\u00a0\u00bboff\u00a0\u00bb global_module=\u00a0\u00bb19281&Prime;][et_pb_row _builder_version=\u00a0\u00bb4.4.2&Prime;][et_pb_column type=\u00a0\u00bb4_4&Prime; _builder_version=\u00a0\u00bb4.4.2&Prime;][et_pb_text module_class=\u00a0\u00bbtitle-home-banner\u00a0\u00bb _builder_version=\u00a0\u00bb4.4.2&Prime; text_font=\u00a0\u00bbRaleway|800|||||||\u00a0\u00bb text_text_color=\u00a0\u00bb#ffffff\u00a0\u00bb text_font_size=\u00a0\u00bb30px\u00a0\u00bb text_line_height=\u00a0\u00bb40px\u00a0\u00bb text_orientation=\u00a0\u00bbcenter\u00a0\u00bb]<\/p>\n<p>Vous avez besoin d&rsquo;informations compl\u00e9mentaires ?<\/p>\n<p>[\/et_pb_text][et_pb_text _builder_version=\u00a0\u00bb4.4.2&Prime; text_font=\u00a0\u00bbRaleway|500|||||||\u00a0\u00bb text_text_color=\u00a0\u00bb#ffffff\u00a0\u00bb text_line_height=\u00a0\u00bb26px\u00a0\u00bb text_orientation=\u00a0\u00bbcenter\u00a0\u00bb]<\/p>\n<p>Vous avez des questions sur nos services ? Vous pouvez contacter notre service client\u00e8le en remplissant le formulaire de contact !<\/p>\n<p>[\/et_pb_text][et_pb_button button_url=\u00a0\u00bbhttps:\/\/toiture-dahm.lu\/fr\/kontakt\/\u00a0\u00bb button_text=\u00a0\u00bbContactez-nous\u00a0\u00bb button_alignment=\u00a0\u00bbcenter\u00a0\u00bb _builder_version=\u00a0\u00bb4.5.1&Prime; custom_button=\u00a0\u00bbon\u00a0\u00bb button_text_size=\u00a0\u00bb14px\u00a0\u00bb button_text_color=\u00a0\u00bb#ffffff\u00a0\u00bb button_bg_color=\u00a0\u00bb#e09900&Prime; button_border_width=\u00a0\u00bb0px\u00a0\u00bb button_border_radius=\u00a0\u00bb0px\u00a0\u00bb button_font=\u00a0\u00bbRaleway|700|||||||\u00a0\u00bb button_use_icon=\u00a0\u00bboff\u00a0\u00bb custom_padding=\u00a0\u00bb15px|53px|15px|53px|true|true\u00a0\u00bb][\/et_pb_button][\/et_pb_column][\/et_pb_row][\/et_pb_section][et_pb_section fb_built=\u00a0\u00bb1&Prime; disabled_on=\u00a0\u00bbon|on|off\u00a0\u00bb _builder_version=\u00a0\u00bb4.6.6&Prime; _module_preset=\u00a0\u00bbdefault\u00a0\u00bb background_color=\u00a0\u00bb#efefef\u00a0\u00bb min_height=\u00a0\u00bb184px\u00a0\u00bb custom_padding=\u00a0\u00bb50px||50px||true|false\u00a0\u00bb saved_tabs=\u00a0\u00bball\u00a0\u00bb global_module=\u00a0\u00bb18957&Prime;][et_pb_row use_custom_gutter=\u00a0\u00bbon\u00a0\u00bb _builder_version=\u00a0\u00bb4.5.1&Prime; _module_preset=\u00a0\u00bbdefault\u00a0\u00bb width_tablet=\u00a0\u00bb80%\u00a0\u00bb width_phone=\u00a0\u00bb100%\u00a0\u00bb width_last_edited=\u00a0\u00bbon|phone\u00a0\u00bb][et_pb_column type=\u00a0\u00bb4_4&Prime; _builder_version=\u00a0\u00bb4.5.1&Prime; _module_preset=\u00a0\u00bbdefault\u00a0\u00bb][et_pb_text _builder_version=\u00a0\u00bb4.6.6&Prime; _module_preset=\u00a0\u00bbdefault\u00a0\u00bb text_font=\u00a0\u00bbRaleway|700|||||||\u00a0\u00bb text_text_color=\u00a0\u00bb#00143B\u00a0\u00bb text_font_size=\u00a0\u00bb22px\u00a0\u00bb]<\/p>\n<p style=\"text-align: center;\">Label r\u00e9compens\u00e9 par<\/p>\n<p>[\/et_pb_text][\/et_pb_column][\/et_pb_row][et_pb_row column_structure=\u00a0\u00bb1_5,1_5,1_5,1_5,1_5&Prime; _builder_version=\u00a0\u00bb4.6.6&Prime; _module_preset=\u00a0\u00bbdefault\u00a0\u00bb width=\u00a0\u00bb60%\u00a0\u00bb width_tablet=\u00a0\u00bb80%\u00a0\u00bb width_phone=\u00a0\u00bb80%\u00a0\u00bb width_last_edited=\u00a0\u00bbon|desktop\u00a0\u00bb module_alignment=\u00a0\u00bbcenter\u00a0\u00bb][et_pb_column type=\u00a0\u00bb1_5&Prime; _builder_version=\u00a0\u00bb4.6.6&Prime; _module_preset=\u00a0\u00bbdefault\u00a0\u00bb][et_pb_image src=\u00a0\u00bbhttps:\/\/toiture-dahm.lu\/wp-content\/uploads\/2020\/09\/made_in_luxembourg_eps.svg\u00a0\u00bb title_text=\u00a0\u00bbmade_in_luxembourg_eps\u00a0\u00bb align=\u00a0\u00bbcenter\u00a0\u00bb _builder_version=\u00a0\u00bb4.6.6&Prime; _module_preset=\u00a0\u00bbdefault\u00a0\u00bb width_tablet=\u00a0\u00bb50%\u00a0\u00bb width_phone=\u00a0\u00bb50%\u00a0\u00bb width_last_edited=\u00a0\u00bbon|phone\u00a0\u00bb min_height_tablet=\u00a0\u00bb\u00a0\u00bb min_height_phone=\u00a0\u00bb\u00a0\u00bb min_height_last_edited=\u00a0\u00bbon|tablet\u00a0\u00bb][\/et_pb_image][\/et_pb_column][et_pb_column type=\u00a0\u00bb1_5&Prime; _builder_version=\u00a0\u00bb4.5.1&Prime; _module_preset=\u00a0\u00bbdefault\u00a0\u00bb][et_pb_image src=\u00a0\u00bbhttps:\/\/toiture-dahm.lu\/wp-content\/uploads\/2020\/09\/Passivhaus.svg\u00a0\u00bb title_text=\u00a0\u00bbPassivhaus\u00a0\u00bb align=\u00a0\u00bbcenter\u00a0\u00bb _builder_version=\u00a0\u00bb4.6.6&Prime; _module_preset=\u00a0\u00bbdefault\u00a0\u00bb width_tablet=\u00a0\u00bb50%\u00a0\u00bb width_phone=\u00a0\u00bb\u00a0\u00bb width_last_edited=\u00a0\u00bbon|tablet\u00a0\u00bb][\/et_pb_image][\/et_pb_column][et_pb_column type=\u00a0\u00bb1_5&Prime; _builder_version=\u00a0\u00bb4.5.1&Prime; _module_preset=\u00a0\u00bbdefault\u00a0\u00bb][et_pb_image src=\u00a0\u00bbhttps:\/\/toiture-dahm.lu\/wp-content\/uploads\/2020\/09\/Energie-fir-DZukunft-Square-2.svg\u00a0\u00bb title_text=\u00a0\u00bbEnergie fir D&rsquo;Zukunft Square &#8211; 2&Prime; align=\u00a0\u00bbcenter\u00a0\u00bb _builder_version=\u00a0\u00bb4.6.6&Prime; _module_preset=\u00a0\u00bbdefault\u00a0\u00bb width_tablet=\u00a0\u00bb50%\u00a0\u00bb width_phone=\u00a0\u00bb\u00a0\u00bb width_last_edited=\u00a0\u00bbon|tablet\u00a0\u00bb][\/et_pb_image][\/et_pb_column][et_pb_column type=\u00a0\u00bb1_5&Prime; _builder_version=\u00a0\u00bb4.5.1&Prime; _module_preset=\u00a0\u00bbdefault\u00a0\u00bb][et_pb_image src=\u00a0\u00bbhttps:\/\/toiture-dahm.lu\/wp-content\/uploads\/2020\/09\/Super-Dreckskescht.png\u00a0\u00bb title_text=\u00a0\u00bbSuper Dreckskescht\u00a0\u00bb align=\u00a0\u00bbcenter\u00a0\u00bb _builder_version=\u00a0\u00bb4.6.6&Prime; _module_preset=\u00a0\u00bbdefault\u00a0\u00bb width_tablet=\u00a0\u00bb50%\u00a0\u00bb width_phone=\u00a0\u00bb\u00a0\u00bb width_last_edited=\u00a0\u00bbon|tablet\u00a0\u00bb][\/et_pb_image][\/et_pb_column][et_pb_column type=\u00a0\u00bb1_5&Prime; _builder_version=\u00a0\u00bb4.5.1&Prime; _module_preset=\u00a0\u00bbdefault\u00a0\u00bb][et_pb_image src=\u00a0\u00bbhttps:\/\/toiture-dahm.lu\/wp-content\/uploads\/2020\/10\/des-deutschen-dachdeckerhandwerks.png\u00a0\u00bb title_text=\u00a0\u00bbdes-deutschen-dachdeckerhandwerks\u00a0\u00bb align=\u00a0\u00bbcenter\u00a0\u00bb _builder_version=\u00a0\u00bb4.6.6&Prime; _module_preset=\u00a0\u00bbdefault\u00a0\u00bb width_tablet=\u00a0\u00bb50%\u00a0\u00bb width_phone=\u00a0\u00bb\u00a0\u00bb width_last_edited=\u00a0\u00bbon|tablet\u00a0\u00bb][\/et_pb_image][\/et_pb_column][\/et_pb_row][\/et_pb_section][et_pb_section fb_built=\u00a0\u00bb1&Prime; disabled_on=\u00a0\u00bboff|off|on\u00a0\u00bb _builder_version=\u00a0\u00bb4.6.6&Prime; _module_preset=\u00a0\u00bbdefault\u00a0\u00bb background_color=\u00a0\u00bb#efefef\u00a0\u00bb global_module=\u00a0\u00bb18974&Prime;][et_pb_row _builder_version=\u00a0\u00bb4.5.1&Prime; _module_preset=\u00a0\u00bbdefault\u00a0\u00bb][et_pb_column type=\u00a0\u00bb4_4&Prime; _builder_version=\u00a0\u00bb4.5.1&Prime; _module_preset=\u00a0\u00bbdefault\u00a0\u00bb][et_pb_text _builder_version=\u00a0\u00bb4.6.6&Prime; _module_preset=\u00a0\u00bbdefault\u00a0\u00bb text_font=\u00a0\u00bbRaleway|800|||||||\u00a0\u00bb text_text_color=\u00a0\u00bb#00143B\u00a0\u00bb text_font_size=\u00a0\u00bb20px\u00a0\u00bb]<\/p>\n<p style=\"text-align: center;\">Label r\u00e9compens\u00e9 par<\/p>\n<p>[\/et_pb_text][\/et_pb_column][\/et_pb_row][et_pb_row _builder_version=\u00a0\u00bb4.5.1&Prime; _module_preset=\u00a0\u00bbdefault\u00a0\u00bb][et_pb_column type=\u00a0\u00bb4_4&Prime; _builder_version=\u00a0\u00bb4.5.1&Prime; _module_preset=\u00a0\u00bbdefault\u00a0\u00bb][et_pb_text _builder_version=\u00a0\u00bb4.6.6&Prime; _module_preset=\u00a0\u00bbdefault\u00a0\u00bb text_font=\u00a0\u00bbRaleway|800|||||||\u00a0\u00bb text_text_color=\u00a0\u00bb#00143B\u00a0\u00bb text_font_size=\u00a0\u00bb20px\u00a0\u00bb]<\/p>\n<p style=\"text-align: center;\"><img decoding=\"async\" src=\"https:\/\/toiture-dahm.lu\/wp-content\/uploads\/2020\/09\/made_in_luxembourg.png\" alt=\"\" width=\"100\" \/> <img decoding=\"async\" src=\"https:\/\/toiture-dahm.lu\/wp-content\/uploads\/2020\/09\/Passivhaus.png\" alt=\"\" width=\"100\" \/> <img decoding=\"async\" src=\"https:\/\/toiture-dahm.lu\/wp-content\/uploads\/2020\/09\/Energie-fir-dzukunft-1.png\" alt=\"\" width=\"120\" \/><img decoding=\"async\" src=\"https:\/\/toiture-dahm.lu\/wp-content\/uploads\/2020\/09\/Super-Dreckskescht.png\" alt=\"\" width=\"100\" \/><img decoding=\"async\" src=\"https:\/\/toiture-dahm.lu\/wp-content\/uploads\/2020\/10\/des-deutschen-dachdeckerhandwerks.png\" alt=\"\" width=\"90\" \/><\/p>\n<p>[\/et_pb_text][\/et_pb_column][\/et_pb_row][\/et_pb_section]<\/p>\n","protected":false},"excerpt":{"rendered":"<p>Isolation thermiqueEn raison de la hausse constante des prix de l&rsquo;\u00e9nergie, l&rsquo;isolation thermique est aujourd&rsquo;hui l&rsquo;un des aspects les plus importants de la toiture. Si vous voulez utiliser l&rsquo;espace sous le toit comme pi\u00e8ce chauff\u00e9e, vous devez isoler le toit. Pour qu&rsquo;il fasse beau et frais en \u00e9t\u00e9 et que vous n&rsquo;ayez pas \u00e0 geler [&hellip;]<\/p>\n","protected":false},"author":2,"featured_media":0,"parent":0,"menu_order":0,"comment_status":"closed","ping_status":"closed","template":"","meta":{"_acf_changed":false,"_et_pb_use_builder":"on","_et_pb_old_content":"","_et_gb_content_width":"","inline_featured_image":false,"footnotes":""},"class_list":["post-535","page","type-page","status-publish","hentry"],"acf":[],"_links":{"self":[{"href":"https:\/\/toiture-dahm.lu\/fr\/wp-json\/wp\/v2\/pages\/535","targetHints":{"allow":["GET"]}}],"collection":[{"href":"https:\/\/toiture-dahm.lu\/fr\/wp-json\/wp\/v2\/pages"}],"about":[{"href":"https:\/\/toiture-dahm.lu\/fr\/wp-json\/wp\/v2\/types\/page"}],"author":[{"embeddable":true,"href":"https:\/\/toiture-dahm.lu\/fr\/wp-json\/wp\/v2\/users\/2"}],"replies":[{"embeddable":true,"href":"https:\/\/toiture-dahm.lu\/fr\/wp-json\/wp\/v2\/comments?post=535"}],"version-history":[{"count":0,"href":"https:\/\/toiture-dahm.lu\/fr\/wp-json\/wp\/v2\/pages\/535\/revisions"}],"wp:attachment":[{"href":"https:\/\/toiture-dahm.lu\/fr\/wp-json\/wp\/v2\/media?parent=535"}],"curies":[{"name":"wp","href":"https:\/\/api.w.org\/{rel}","templated":true}]}}