{"id":531,"date":"2020-03-31T02:46:35","date_gmt":"2020-03-31T02:46:35","guid":{"rendered":"http:\/\/toituredahmgregorfils.wedo.lu\/schneeschutzsysteme\/"},"modified":"2020-11-04T11:09:01","modified_gmt":"2020-11-04T10:09:01","slug":"systemes-de-protection-contre-la-neige","status":"publish","type":"page","link":"https:\/\/toiture-dahm.lu\/fr\/systemes-de-protection-contre-la-neige\/","title":{"rendered":"Syst\u00e8mes de protection contre la neige"},"content":{"rendered":"<p>[et_pb_section fb_built=\u00a0\u00bb1&Prime; disabled_on=\u00a0\u00bbon|on|on\u00a0\u00bb _builder_version=\u00a0\u00bb4.4.2&Prime; custom_padding=\u00a0\u00bb0px||0px||true|false\u00a0\u00bb disabled=\u00a0\u00bbon\u00a0\u00bb][et_pb_row _builder_version=\u00a0\u00bb4.4.2&Prime; width=\u00a0\u00bb100%\u00a0\u00bb max_width=\u00a0\u00bb2560px\u00a0\u00bb custom_padding=\u00a0\u00bb0px||0px||true|false\u00a0\u00bb][et_pb_column type=\u00a0\u00bb4_4&Prime; _builder_version=\u00a0\u00bb4.4.2&Prime;][et_pb_text _builder_version=\u00a0\u00bb4.4.2&Prime; custom_margin=\u00a0\u00bb||0px||false|false\u00a0\u00bb]<\/p>\n<div class=\"slider-top\"><\/div>\n<p>[\/et_pb_text][et_pb_text module_class=\u00a0\u00bbnumber-video-btn\u00a0\u00bb _builder_version=\u00a0\u00bb4.4.2&Prime;]<\/p>\n<div class=\"number-video\"><\/div>\n<p>[\/et_pb_text][\/et_pb_column][\/et_pb_row][\/et_pb_section][et_pb_section fb_built=\u00a0\u00bb1&Prime; fullwidth=\u00a0\u00bbon\u00a0\u00bb _builder_version=\u00a0\u00bb4.4.2&Prime;][et_pb_fullwidth_slider _builder_version=\u00a0\u00bb4.4.8&Prime; content_width=\u00a0\u00bb100%\u00a0\u00bb min_height=\u00a0\u00bb356px\u00a0\u00bb auto=\u00a0\u00bbon\u00a0\u00bb auto_speed=\u00a0\u00bb5000&Prime;][et_pb_slide heading=\u00a0\u00bbSyst\u00e8mes de protection contre la neige\u00a0\u00bb _builder_version=\u00a0\u00bb4.4.8&Prime; header_level=\u00a0\u00bbh4&Prime; header_font=\u00a0\u00bb|700|||||||\u00a0\u00bb header_text_align=\u00a0\u00bbcenter\u00a0\u00bb header_font_size=\u00a0\u00bb40px\u00a0\u00bb background_color=\u00a0\u00bbrgba(0,0,0,0.14)\u00a0\u00bb background_enable_color=\u00a0\u00bbon\u00a0\u00bb background_image=\u00a0\u00bbhttps:\/\/toiture-dahm.lu\/wp-content\/uploads\/2020\/06\/schneeschutzsysteme-toiture-dahm-gregor-et-fils-luxembourg.jpg\u00a0\u00bb background_enable_image=\u00a0\u00bbon\u00a0\u00bb background_blend=\u00a0\u00bbmultiply\u00a0\u00bb header_font_size_tablet=\u00a0\u00bb\u00a0\u00bb header_font_size_phone=\u00a0\u00bb30px\u00a0\u00bb header_font_size_last_edited=\u00a0\u00bbon|phone\u00a0\u00bb sticky_transition=\u00a0\u00bbon\u00a0\u00bb][\/et_pb_slide][et_pb_slide heading=\u00a0\u00bbSyst\u00e8mes de protection contre la neige\u00a0\u00bb _builder_version=\u00a0\u00bb4.4.8&Prime; header_level=\u00a0\u00bbh4&Prime; header_font=\u00a0\u00bb|700|||||||\u00a0\u00bb header_text_align=\u00a0\u00bbcenter\u00a0\u00bb header_font_size=\u00a0\u00bb40px\u00a0\u00bb background_color=\u00a0\u00bbrgba(0,0,0,0.14)\u00a0\u00bb background_enable_color=\u00a0\u00bbon\u00a0\u00bb background_image=\u00a0\u00bbhttps:\/\/toiture-dahm.lu\/wp-content\/uploads\/2020\/06\/schneeschutzsysteme-toiture-dahm-gregor-et-fils-luxembourg-1.jpg\u00a0\u00bb background_enable_image=\u00a0\u00bbon\u00a0\u00bb background_blend=\u00a0\u00bbmultiply\u00a0\u00bb header_font_size_tablet=\u00a0\u00bb\u00a0\u00bb header_font_size_phone=\u00a0\u00bb30px\u00a0\u00bb header_font_size_last_edited=\u00a0\u00bbon|phone\u00a0\u00bb sticky_transition=\u00a0\u00bbon\u00a0\u00bb][\/et_pb_slide][et_pb_slide heading=\u00a0\u00bbSyst\u00e8mes de protection contre la neige\u00a0\u00bb _builder_version=\u00a0\u00bb4.4.8&Prime; header_level=\u00a0\u00bbh4&Prime; header_font=\u00a0\u00bb|700|||||||\u00a0\u00bb header_text_align=\u00a0\u00bbcenter\u00a0\u00bb header_font_size=\u00a0\u00bb40px\u00a0\u00bb background_color=\u00a0\u00bbrgba(0,0,0,0.14)\u00a0\u00bb background_enable_color=\u00a0\u00bbon\u00a0\u00bb background_image=\u00a0\u00bbhttps:\/\/toiture-dahm.lu\/wp-content\/uploads\/2020\/06\/schneeschutzsysteme-toiture-dahm-gregor-et-fils-luxembourg-11.jpg\u00a0\u00bb background_enable_image=\u00a0\u00bbon\u00a0\u00bb background_blend=\u00a0\u00bbmultiply\u00a0\u00bb header_font_size_tablet=\u00a0\u00bb\u00a0\u00bb header_font_size_phone=\u00a0\u00bb30px\u00a0\u00bb header_font_size_last_edited=\u00a0\u00bbon|phone\u00a0\u00bb sticky_transition=\u00a0\u00bbon\u00a0\u00bb][\/et_pb_slide][et_pb_slide heading=\u00a0\u00bbSyst\u00e8mes de protection contre la neige\u00a0\u00bb _builder_version=\u00a0\u00bb4.4.8&Prime; header_level=\u00a0\u00bbh4&Prime; header_font=\u00a0\u00bb|700|||||||\u00a0\u00bb header_text_align=\u00a0\u00bbcenter\u00a0\u00bb header_font_size=\u00a0\u00bb40px\u00a0\u00bb background_color=\u00a0\u00bbrgba(0,0,0,0.14)\u00a0\u00bb background_enable_color=\u00a0\u00bbon\u00a0\u00bb background_image=\u00a0\u00bbhttps:\/\/toiture-dahm.lu\/wp-content\/uploads\/2020\/06\/schneeschutzsysteme-toiture-dahm-gregor-et-fils-luxembourg-4.jpg\u00a0\u00bb background_enable_image=\u00a0\u00bbon\u00a0\u00bb background_blend=\u00a0\u00bbmultiply\u00a0\u00bb header_font_size_tablet=\u00a0\u00bb\u00a0\u00bb header_font_size_phone=\u00a0\u00bb30px\u00a0\u00bb header_font_size_last_edited=\u00a0\u00bbon|phone\u00a0\u00bb sticky_transition=\u00a0\u00bbon\u00a0\u00bb][\/et_pb_slide][et_pb_slide heading=\u00a0\u00bbSyst\u00e8mes de protection contre la neige\u00a0\u00bb _builder_version=\u00a0\u00bb4.4.8&Prime; header_level=\u00a0\u00bbh4&Prime; header_font=\u00a0\u00bb|700|||||||\u00a0\u00bb header_text_align=\u00a0\u00bbcenter\u00a0\u00bb header_font_size=\u00a0\u00bb40px\u00a0\u00bb background_color=\u00a0\u00bbrgba(0,0,0,0.14)\u00a0\u00bb background_enable_color=\u00a0\u00bbon\u00a0\u00bb background_image=\u00a0\u00bbhttps:\/\/toiture-dahm.lu\/wp-content\/uploads\/2020\/06\/schneeschutzsysteme-toiture-dahm-gregor-et-fils-luxembourg-10.jpg\u00a0\u00bb background_enable_image=\u00a0\u00bbon\u00a0\u00bb background_blend=\u00a0\u00bbmultiply\u00a0\u00bb header_font_size_tablet=\u00a0\u00bb\u00a0\u00bb header_font_size_phone=\u00a0\u00bb30px\u00a0\u00bb header_font_size_last_edited=\u00a0\u00bbon|phone\u00a0\u00bb sticky_transition=\u00a0\u00bbon\u00a0\u00bb][\/et_pb_slide][et_pb_slide heading=\u00a0\u00bbSyst\u00e8mes de protection contre la neige\u00a0\u00bb _builder_version=\u00a0\u00bb4.4.8&Prime; header_level=\u00a0\u00bbh4&Prime; header_font=\u00a0\u00bb|700|||||||\u00a0\u00bb header_text_align=\u00a0\u00bbcenter\u00a0\u00bb header_font_size=\u00a0\u00bb40px\u00a0\u00bb background_color=\u00a0\u00bbrgba(0,0,0,0.14)\u00a0\u00bb background_enable_color=\u00a0\u00bbon\u00a0\u00bb background_image=\u00a0\u00bbhttps:\/\/toiture-dahm.lu\/wp-content\/uploads\/2020\/06\/schneeschutzsysteme-toiture-dahm-gregor-et-fils-luxembourg-2.jpg\u00a0\u00bb background_enable_image=\u00a0\u00bbon\u00a0\u00bb background_blend=\u00a0\u00bbmultiply\u00a0\u00bb header_font_size_tablet=\u00a0\u00bb\u00a0\u00bb header_font_size_phone=\u00a0\u00bb30px\u00a0\u00bb header_font_size_last_edited=\u00a0\u00bbon|phone\u00a0\u00bb sticky_transition=\u00a0\u00bbon\u00a0\u00bb][\/et_pb_slide][et_pb_slide heading=\u00a0\u00bbSyst\u00e8mes de protection contre la neige\u00a0\u00bb _builder_version=\u00a0\u00bb4.4.8&Prime; header_level=\u00a0\u00bbh4&Prime; header_font=\u00a0\u00bb|700|||||||\u00a0\u00bb header_text_align=\u00a0\u00bbcenter\u00a0\u00bb header_font_size=\u00a0\u00bb40px\u00a0\u00bb background_color=\u00a0\u00bbrgba(0,0,0,0.14)\u00a0\u00bb background_enable_color=\u00a0\u00bbon\u00a0\u00bb background_image=\u00a0\u00bbhttps:\/\/toiture-dahm.lu\/wp-content\/uploads\/2020\/06\/schneeschutzsysteme-toiture-dahm-gregor-et-fils-luxembourg-9.jpg\u00a0\u00bb background_enable_image=\u00a0\u00bbon\u00a0\u00bb background_blend=\u00a0\u00bbmultiply\u00a0\u00bb header_font_size_tablet=\u00a0\u00bb\u00a0\u00bb header_font_size_phone=\u00a0\u00bb30px\u00a0\u00bb header_font_size_last_edited=\u00a0\u00bbon|phone\u00a0\u00bb sticky_transition=\u00a0\u00bbon\u00a0\u00bb][\/et_pb_slide][\/et_pb_fullwidth_slider][\/et_pb_section][et_pb_section fb_built=\u00a0\u00bb1&Prime; _builder_version=\u00a0\u00bb4.4.2&Prime;][et_pb_row _builder_version=\u00a0\u00bb4.4.2&Prime;][et_pb_column type=\u00a0\u00bb4_4&Prime; _builder_version=\u00a0\u00bb4.4.2&Prime;][et_pb_text _builder_version=\u00a0\u00bb4.6.6&Prime; text_font=\u00a0\u00bbRaleway|800|||||||\u00a0\u00bb text_text_color=\u00a0\u00bb#00143B\u00a0\u00bb text_font_size=\u00a0\u00bb20px\u00a0\u00bb text_line_height=\u00a0\u00bb34px\u00a0\u00bb text_orientation=\u00a0\u00bbcenter\u00a0\u00bb hover_enabled=\u00a0\u00bb0&Prime; header_font=\u00a0\u00bbRaleway|700|||||||\u00a0\u00bb header_text_color=\u00a0\u00bb#00143b\u00a0\u00bb sticky_enabled=\u00a0\u00bb0&Prime;]<\/p>\n<h1>Syst\u00e8mes de protection contre la neige<\/h1>\n<p>[\/et_pb_text][\/et_pb_column][\/et_pb_row][et_pb_row _builder_version=\u00a0\u00bb4.4.2&Prime; max_width=\u00a0\u00bb712px\u00a0\u00bb][et_pb_column type=\u00a0\u00bb4_4&Prime; _builder_version=\u00a0\u00bb4.4.2&Prime;][et_pb_text module_class=\u00a0\u00bbborder-style\u00a0\u00bb _builder_version=\u00a0\u00bb4.6.6&Prime; text_font=\u00a0\u00bbRaleway||||||||\u00a0\u00bb text_text_color=\u00a0\u00bb#00143B\u00a0\u00bb text_line_height=\u00a0\u00bb22px\u00a0\u00bb custom_margin=\u00a0\u00bb||0px||false|false\u00a0\u00bb custom_padding=\u00a0\u00bb0px||0px|40px|true|false\u00a0\u00bb hover_enabled=\u00a0\u00bb0&Prime; sticky_enabled=\u00a0\u00bb0&Prime; header_2_font=\u00a0\u00bbRaleway||||||||\u00a0\u00bb header_2_text_color=\u00a0\u00bb#00143b\u00a0\u00bb header_2_font_size=\u00a0\u00bb20px\u00a0\u00bb header_3_font=\u00a0\u00bbRaleway||||||||\u00a0\u00bb header_3_text_color=\u00a0\u00bb#00143b\u00a0\u00bb header_3_font_size=\u00a0\u00bb20px\u00a0\u00bb header_4_font=\u00a0\u00bbRaleway||||||||\u00a0\u00bb header_4_text_color=\u00a0\u00bb#00143b\u00a0\u00bb header_4_font_size=\u00a0\u00bb20px\u00a0\u00bb]<\/p>\n<p>Les syst\u00e8mes de protection de la neige sont la protection efficace contre les masses de neige glissante. Ils permettent de pr\u00e9venir de mani\u00e8re fiable les dommages mat\u00e9riels et les blessures. Gr\u00e2ce \u00e0 de nombreuses variantes de designs et de couleurs, ils peuvent \u00eatre facilement int\u00e9gr\u00e9s dans tous les types de toits.<\/p>\n<p><strong><\/strong><\/p>\n<h2><strong>Responsabilit\u00e9 en cas de chute de glace et de neige<\/strong><\/h2>\n<p><strong><\/strong><\/p>\n<p>Les propri\u00e9taires peuvent \u00eatre tenus responsables des dommages, car il existe une obligation g\u00e9n\u00e9rale de maintenir la s\u00e9curit\u00e9 sur la route. Les routes et les trottoirs le long de la maison doivent \u00eatre praticables sans danger. Bien s\u00fbr, personne n&rsquo;exige des r\u00e9sidents qu&rsquo;ils grimpent sur le toit en glace et en neige pour enlever les masses de neige. L&rsquo;installation de syst\u00e8mes de protection contre la neige est la solution la plus efficace face \u00e0 cette situation.<\/p>\n<p><strong><\/strong><\/p>\n<h3><strong>Bien prot\u00e9g\u00e9 gr\u00e2ce \u00e0 des syst\u00e8mes de protection contre la neige<\/strong><\/h3>\n<p><strong><\/strong><\/p>\n<p>En raison du r\u00e9chauffement climatique, il faut s&rsquo;attendre \u00e0 un nombre croissant d&rsquo;avalanches de toit au cours des prochains hivers. Les chutes de neige seront plus importantes et le r\u00e9chauffement provoquera un d\u00e9gel rapide. Par cons\u00e9quent, les masses de neige commenceront \u00e0 glisser facilement. Il y a \u00e9galement un risque de formation de morceaux de glace si la neige d\u00e9gel\u00e9e g\u00e8le pendant la nuit.<\/p>\n<p><strong><\/strong><\/p>\n<h4><strong>Contactez-nous pour l&rsquo;installation d&rsquo;un syst\u00e8me fiable de protection contre la neige<\/strong><\/h4>\n<p><strong><\/strong><\/p>\n<p>Contactez-nous ou utilisez notre <a href=\"https:\/\/toiture-dahm.lu\/fr\/contactez-nous\/\">formulaire de contact<\/a> afin que nous puissions avoir une premi\u00e8re consultation sans engagement.<\/p>\n<p>[\/et_pb_text][\/et_pb_column][\/et_pb_row][\/et_pb_section][et_pb_section fb_built=\u00a0\u00bb1&Prime; _builder_version=\u00a0\u00bb4.5.1&Prime; background_color=\u00a0\u00bb#163d8a\u00a0\u00bb background_image=\u00a0\u00bbhttps:\/\/toiture-dahm.lu\/wp-content\/uploads\/2020\/09\/Toiture-Dahm-Gregor-fils-Kontaktformular-Background-1.jpg\u00a0\u00bb background_size=\u00a0\u00bbinitial\u00a0\u00bb background_position=\u00a0\u00bbbottom_left\u00a0\u00bb background_last_edited=\u00a0\u00bbon|phone\u00a0\u00bb background_enable_image_phone=\u00a0\u00bboff\u00a0\u00bb global_module=\u00a0\u00bb19281&Prime;][et_pb_row _builder_version=\u00a0\u00bb4.4.2&Prime;][et_pb_column type=\u00a0\u00bb4_4&Prime; _builder_version=\u00a0\u00bb4.4.2&Prime;][et_pb_text module_class=\u00a0\u00bbtitle-home-banner\u00a0\u00bb _builder_version=\u00a0\u00bb4.4.2&Prime; text_font=\u00a0\u00bbRaleway|800|||||||\u00a0\u00bb text_text_color=\u00a0\u00bb#ffffff\u00a0\u00bb text_font_size=\u00a0\u00bb30px\u00a0\u00bb text_line_height=\u00a0\u00bb40px\u00a0\u00bb text_orientation=\u00a0\u00bbcenter\u00a0\u00bb]<\/p>\n<p>Vous avez besoin d&rsquo;informations compl\u00e9mentaires ?<\/p>\n<p>[\/et_pb_text][et_pb_text _builder_version=\u00a0\u00bb4.4.2&Prime; text_font=\u00a0\u00bbRaleway|500|||||||\u00a0\u00bb text_text_color=\u00a0\u00bb#ffffff\u00a0\u00bb text_line_height=\u00a0\u00bb26px\u00a0\u00bb text_orientation=\u00a0\u00bbcenter\u00a0\u00bb]<\/p>\n<p>Vous avez des questions sur nos services ? Vous pouvez contacter notre service client\u00e8le en remplissant le formulaire de contact !<\/p>\n<p>[\/et_pb_text][et_pb_button button_url=\u00a0\u00bbhttps:\/\/toiture-dahm.lu\/fr\/kontakt\/\u00a0\u00bb button_text=\u00a0\u00bbContactez-nous\u00a0\u00bb button_alignment=\u00a0\u00bbcenter\u00a0\u00bb _builder_version=\u00a0\u00bb4.5.1&Prime; custom_button=\u00a0\u00bbon\u00a0\u00bb button_text_size=\u00a0\u00bb14px\u00a0\u00bb button_text_color=\u00a0\u00bb#ffffff\u00a0\u00bb button_bg_color=\u00a0\u00bb#e09900&Prime; button_border_width=\u00a0\u00bb0px\u00a0\u00bb button_border_radius=\u00a0\u00bb0px\u00a0\u00bb button_font=\u00a0\u00bbRaleway|700|||||||\u00a0\u00bb button_use_icon=\u00a0\u00bboff\u00a0\u00bb custom_padding=\u00a0\u00bb15px|53px|15px|53px|true|true\u00a0\u00bb][\/et_pb_button][\/et_pb_column][\/et_pb_row][\/et_pb_section][et_pb_section fb_built=\u00a0\u00bb1&Prime; disabled_on=\u00a0\u00bbon|on|off\u00a0\u00bb _builder_version=\u00a0\u00bb4.6.6&Prime; _module_preset=\u00a0\u00bbdefault\u00a0\u00bb background_color=\u00a0\u00bb#efefef\u00a0\u00bb min_height=\u00a0\u00bb184px\u00a0\u00bb custom_padding=\u00a0\u00bb50px||50px||true|false\u00a0\u00bb saved_tabs=\u00a0\u00bball\u00a0\u00bb global_module=\u00a0\u00bb18957&Prime;][et_pb_row use_custom_gutter=\u00a0\u00bbon\u00a0\u00bb _builder_version=\u00a0\u00bb4.5.1&Prime; _module_preset=\u00a0\u00bbdefault\u00a0\u00bb width_tablet=\u00a0\u00bb80%\u00a0\u00bb width_phone=\u00a0\u00bb100%\u00a0\u00bb width_last_edited=\u00a0\u00bbon|phone\u00a0\u00bb][et_pb_column type=\u00a0\u00bb4_4&Prime; _builder_version=\u00a0\u00bb4.5.1&Prime; _module_preset=\u00a0\u00bbdefault\u00a0\u00bb][et_pb_text _builder_version=\u00a0\u00bb4.6.6&Prime; _module_preset=\u00a0\u00bbdefault\u00a0\u00bb text_font=\u00a0\u00bbRaleway|700|||||||\u00a0\u00bb text_text_color=\u00a0\u00bb#00143B\u00a0\u00bb text_font_size=\u00a0\u00bb22px\u00a0\u00bb]<\/p>\n<p style=\"text-align: center;\">Label r\u00e9compens\u00e9 par<\/p>\n<p>[\/et_pb_text][\/et_pb_column][\/et_pb_row][et_pb_row column_structure=\u00a0\u00bb1_5,1_5,1_5,1_5,1_5&Prime; _builder_version=\u00a0\u00bb4.6.6&Prime; _module_preset=\u00a0\u00bbdefault\u00a0\u00bb width=\u00a0\u00bb60%\u00a0\u00bb width_tablet=\u00a0\u00bb80%\u00a0\u00bb width_phone=\u00a0\u00bb80%\u00a0\u00bb width_last_edited=\u00a0\u00bbon|desktop\u00a0\u00bb module_alignment=\u00a0\u00bbcenter\u00a0\u00bb][et_pb_column type=\u00a0\u00bb1_5&Prime; _builder_version=\u00a0\u00bb4.6.6&Prime; _module_preset=\u00a0\u00bbdefault\u00a0\u00bb][et_pb_image src=\u00a0\u00bbhttps:\/\/toiture-dahm.lu\/wp-content\/uploads\/2020\/09\/made_in_luxembourg_eps.svg\u00a0\u00bb title_text=\u00a0\u00bbmade_in_luxembourg_eps\u00a0\u00bb align=\u00a0\u00bbcenter\u00a0\u00bb _builder_version=\u00a0\u00bb4.6.6&Prime; _module_preset=\u00a0\u00bbdefault\u00a0\u00bb width_tablet=\u00a0\u00bb50%\u00a0\u00bb width_phone=\u00a0\u00bb50%\u00a0\u00bb width_last_edited=\u00a0\u00bbon|phone\u00a0\u00bb min_height_tablet=\u00a0\u00bb\u00a0\u00bb min_height_phone=\u00a0\u00bb\u00a0\u00bb min_height_last_edited=\u00a0\u00bbon|tablet\u00a0\u00bb][\/et_pb_image][\/et_pb_column][et_pb_column type=\u00a0\u00bb1_5&Prime; _builder_version=\u00a0\u00bb4.5.1&Prime; _module_preset=\u00a0\u00bbdefault\u00a0\u00bb][et_pb_image src=\u00a0\u00bbhttps:\/\/toiture-dahm.lu\/wp-content\/uploads\/2020\/09\/Passivhaus.svg\u00a0\u00bb title_text=\u00a0\u00bbPassivhaus\u00a0\u00bb align=\u00a0\u00bbcenter\u00a0\u00bb _builder_version=\u00a0\u00bb4.6.6&Prime; _module_preset=\u00a0\u00bbdefault\u00a0\u00bb width_tablet=\u00a0\u00bb50%\u00a0\u00bb width_phone=\u00a0\u00bb\u00a0\u00bb width_last_edited=\u00a0\u00bbon|tablet\u00a0\u00bb][\/et_pb_image][\/et_pb_column][et_pb_column type=\u00a0\u00bb1_5&Prime; _builder_version=\u00a0\u00bb4.5.1&Prime; _module_preset=\u00a0\u00bbdefault\u00a0\u00bb][et_pb_image src=\u00a0\u00bbhttps:\/\/toiture-dahm.lu\/wp-content\/uploads\/2020\/09\/Energie-fir-DZukunft-Square-2.svg\u00a0\u00bb title_text=\u00a0\u00bbEnergie fir D&rsquo;Zukunft Square &#8211; 2&Prime; align=\u00a0\u00bbcenter\u00a0\u00bb _builder_version=\u00a0\u00bb4.6.6&Prime; _module_preset=\u00a0\u00bbdefault\u00a0\u00bb width_tablet=\u00a0\u00bb50%\u00a0\u00bb width_phone=\u00a0\u00bb\u00a0\u00bb width_last_edited=\u00a0\u00bbon|tablet\u00a0\u00bb][\/et_pb_image][\/et_pb_column][et_pb_column type=\u00a0\u00bb1_5&Prime; _builder_version=\u00a0\u00bb4.5.1&Prime; _module_preset=\u00a0\u00bbdefault\u00a0\u00bb][et_pb_image src=\u00a0\u00bbhttps:\/\/toiture-dahm.lu\/wp-content\/uploads\/2020\/09\/Super-Dreckskescht.png\u00a0\u00bb title_text=\u00a0\u00bbSuper Dreckskescht\u00a0\u00bb align=\u00a0\u00bbcenter\u00a0\u00bb _builder_version=\u00a0\u00bb4.6.6&Prime; _module_preset=\u00a0\u00bbdefault\u00a0\u00bb width_tablet=\u00a0\u00bb50%\u00a0\u00bb width_phone=\u00a0\u00bb\u00a0\u00bb width_last_edited=\u00a0\u00bbon|tablet\u00a0\u00bb][\/et_pb_image][\/et_pb_column][et_pb_column type=\u00a0\u00bb1_5&Prime; _builder_version=\u00a0\u00bb4.5.1&Prime; _module_preset=\u00a0\u00bbdefault\u00a0\u00bb][et_pb_image src=\u00a0\u00bbhttps:\/\/toiture-dahm.lu\/wp-content\/uploads\/2020\/10\/des-deutschen-dachdeckerhandwerks.png\u00a0\u00bb title_text=\u00a0\u00bbdes-deutschen-dachdeckerhandwerks\u00a0\u00bb align=\u00a0\u00bbcenter\u00a0\u00bb _builder_version=\u00a0\u00bb4.6.6&Prime; _module_preset=\u00a0\u00bbdefault\u00a0\u00bb width_tablet=\u00a0\u00bb50%\u00a0\u00bb width_phone=\u00a0\u00bb\u00a0\u00bb width_last_edited=\u00a0\u00bbon|tablet\u00a0\u00bb][\/et_pb_image][\/et_pb_column][\/et_pb_row][\/et_pb_section][et_pb_section fb_built=\u00a0\u00bb1&Prime; disabled_on=\u00a0\u00bboff|off|on\u00a0\u00bb _builder_version=\u00a0\u00bb4.6.6&Prime; _module_preset=\u00a0\u00bbdefault\u00a0\u00bb background_color=\u00a0\u00bb#efefef\u00a0\u00bb global_module=\u00a0\u00bb18974&Prime;][et_pb_row _builder_version=\u00a0\u00bb4.5.1&Prime; _module_preset=\u00a0\u00bbdefault\u00a0\u00bb][et_pb_column type=\u00a0\u00bb4_4&Prime; _builder_version=\u00a0\u00bb4.5.1&Prime; _module_preset=\u00a0\u00bbdefault\u00a0\u00bb][et_pb_text _builder_version=\u00a0\u00bb4.6.6&Prime; _module_preset=\u00a0\u00bbdefault\u00a0\u00bb text_font=\u00a0\u00bbRaleway|800|||||||\u00a0\u00bb text_text_color=\u00a0\u00bb#00143B\u00a0\u00bb text_font_size=\u00a0\u00bb20px\u00a0\u00bb]<\/p>\n<p style=\"text-align: center;\">Label r\u00e9compens\u00e9 par<\/p>\n<p>[\/et_pb_text][\/et_pb_column][\/et_pb_row][et_pb_row _builder_version=\u00a0\u00bb4.5.1&Prime; _module_preset=\u00a0\u00bbdefault\u00a0\u00bb][et_pb_column type=\u00a0\u00bb4_4&Prime; _builder_version=\u00a0\u00bb4.5.1&Prime; _module_preset=\u00a0\u00bbdefault\u00a0\u00bb][et_pb_text _builder_version=\u00a0\u00bb4.6.6&Prime; _module_preset=\u00a0\u00bbdefault\u00a0\u00bb text_font=\u00a0\u00bbRaleway|800|||||||\u00a0\u00bb text_text_color=\u00a0\u00bb#00143B\u00a0\u00bb text_font_size=\u00a0\u00bb20px\u00a0\u00bb]<\/p>\n<p style=\"text-align: center;\"><img decoding=\"async\" src=\"https:\/\/toiture-dahm.lu\/wp-content\/uploads\/2020\/09\/made_in_luxembourg.png\" alt=\"\" width=\"100\" \/> <img decoding=\"async\" src=\"https:\/\/toiture-dahm.lu\/wp-content\/uploads\/2020\/09\/Passivhaus.png\" alt=\"\" width=\"100\" \/> <img decoding=\"async\" src=\"https:\/\/toiture-dahm.lu\/wp-content\/uploads\/2020\/09\/Energie-fir-dzukunft-1.png\" alt=\"\" width=\"120\" \/><img decoding=\"async\" src=\"https:\/\/toiture-dahm.lu\/wp-content\/uploads\/2020\/09\/Super-Dreckskescht.png\" alt=\"\" width=\"100\" \/><img decoding=\"async\" src=\"https:\/\/toiture-dahm.lu\/wp-content\/uploads\/2020\/10\/des-deutschen-dachdeckerhandwerks.png\" alt=\"\" width=\"90\" \/><\/p>\n<p>[\/et_pb_text][\/et_pb_column][\/et_pb_row][\/et_pb_section]<\/p>\n","protected":false},"excerpt":{"rendered":"<p><div class=\"slider-top\"><\/div>Syst\u00e8mes de protection contre la neigeLes syst\u00e8mes de protection de la neige sont la protection efficace contre les masses de neige glissante. Ils permettent de pr\u00e9venir de mani\u00e8re fiable les dommages mat\u00e9riels et les blessures. Gr\u00e2ce \u00e0 de nombreuses variantes de designs et de couleurs, ils peuvent \u00eatre facilement int\u00e9gr\u00e9s dans tous les types de [&hellip;]<\/p>\n","protected":false},"author":2,"featured_media":0,"parent":0,"menu_order":0,"comment_status":"closed","ping_status":"closed","template":"","meta":{"_acf_changed":false,"_et_pb_use_builder":"on","_et_pb_old_content":"","_et_gb_content_width":"","inline_featured_image":false,"footnotes":""},"class_list":["post-531","page","type-page","status-publish","hentry"],"acf":[],"_links":{"self":[{"href":"https:\/\/toiture-dahm.lu\/fr\/wp-json\/wp\/v2\/pages\/531","targetHints":{"allow":["GET"]}}],"collection":[{"href":"https:\/\/toiture-dahm.lu\/fr\/wp-json\/wp\/v2\/pages"}],"about":[{"href":"https:\/\/toiture-dahm.lu\/fr\/wp-json\/wp\/v2\/types\/page"}],"author":[{"embeddable":true,"href":"https:\/\/toiture-dahm.lu\/fr\/wp-json\/wp\/v2\/users\/2"}],"replies":[{"embeddable":true,"href":"https:\/\/toiture-dahm.lu\/fr\/wp-json\/wp\/v2\/comments?post=531"}],"version-history":[{"count":0,"href":"https:\/\/toiture-dahm.lu\/fr\/wp-json\/wp\/v2\/pages\/531\/revisions"}],"wp:attachment":[{"href":"https:\/\/toiture-dahm.lu\/fr\/wp-json\/wp\/v2\/media?parent=531"}],"curies":[{"name":"wp","href":"https:\/\/api.w.org\/{rel}","templated":true}]}}