{"id":511,"date":"2020-03-31T02:45:22","date_gmt":"2020-03-31T02:45:22","guid":{"rendered":"http:\/\/toituredahmgregorfils.wedo.lu\/holzbau\/"},"modified":"2020-11-04T10:05:20","modified_gmt":"2020-11-04T09:05:20","slug":"charpente","status":"publish","type":"page","link":"https:\/\/toiture-dahm.lu\/fr\/charpente\/","title":{"rendered":"Charpente"},"content":{"rendered":"<p>[et_pb_section fb_built=\u00a0\u00bb1&Prime; disabled_on=\u00a0\u00bbon|on|on\u00a0\u00bb _builder_version=\u00a0\u00bb4.4.2&Prime; custom_padding=\u00a0\u00bb0px||0px||true|false\u00a0\u00bb disabled=\u00a0\u00bbon\u00a0\u00bb][et_pb_row _builder_version=\u00a0\u00bb4.4.2&Prime; width=\u00a0\u00bb100%\u00a0\u00bb max_width=\u00a0\u00bb2560px\u00a0\u00bb custom_padding=\u00a0\u00bb0px||0px||true|false\u00a0\u00bb][et_pb_column type=\u00a0\u00bb4_4&Prime; _builder_version=\u00a0\u00bb4.4.2&Prime;][et_pb_text _builder_version=\u00a0\u00bb4.4.2&Prime; custom_margin=\u00a0\u00bb||0px||false|false\u00a0\u00bb]<\/p>\n<div class=\"slider-top\"><\/div>\n<p>[\/et_pb_text][et_pb_text module_class=\u00a0\u00bbnumber-video-btn\u00a0\u00bb _builder_version=\u00a0\u00bb4.4.2&Prime;]<\/p>\n<div class=\"number-video\"><\/div>\n<p>[\/et_pb_text][\/et_pb_column][\/et_pb_row][\/et_pb_section][et_pb_section fb_built=\u00a0\u00bb1&Prime; fullwidth=\u00a0\u00bbon\u00a0\u00bb _builder_version=\u00a0\u00bb4.4.2&Prime;][et_pb_fullwidth_slider _builder_version=\u00a0\u00bb4.6.6&Prime; content_width=\u00a0\u00bb100%\u00a0\u00bb min_height=\u00a0\u00bb356px\u00a0\u00bb auto=\u00a0\u00bbon\u00a0\u00bb auto_speed=\u00a0\u00bb5000&Prime;][et_pb_slide heading=\u00a0\u00bbCharpente\u00a0\u00bb _builder_version=\u00a0\u00bb4.4.8&Prime; header_level=\u00a0\u00bbh1&Prime; header_font=\u00a0\u00bb|700|||||||\u00a0\u00bb header_text_align=\u00a0\u00bbcenter\u00a0\u00bb header_font_size=\u00a0\u00bb100px\u00a0\u00bb background_color=\u00a0\u00bbrgba(0,0,0,0.14)\u00a0\u00bb background_enable_color=\u00a0\u00bbon\u00a0\u00bb background_image=\u00a0\u00bbhttps:\/\/toiture-dahm.lu\/wp-content\/uploads\/2020\/06\/holzbau_3.jpg\u00a0\u00bb background_enable_image=\u00a0\u00bbon\u00a0\u00bb background_blend=\u00a0\u00bbmultiply\u00a0\u00bb header_font_size_tablet=\u00a0\u00bb70px\u00a0\u00bb header_font_size_phone=\u00a0\u00bb40px\u00a0\u00bb header_font_size_last_edited=\u00a0\u00bbon|tablet\u00a0\u00bb sticky_transition=\u00a0\u00bbon\u00a0\u00bb][\/et_pb_slide][et_pb_slide heading=\u00a0\u00bbCharpente\u00a0\u00bb _builder_version=\u00a0\u00bb4.4.8&Prime; header_level=\u00a0\u00bbh1&Prime; header_font=\u00a0\u00bb|700|||||||\u00a0\u00bb header_text_align=\u00a0\u00bbcenter\u00a0\u00bb header_font_size=\u00a0\u00bb100px\u00a0\u00bb background_color=\u00a0\u00bbrgba(0,0,0,0.14)\u00a0\u00bb background_enable_color=\u00a0\u00bbon\u00a0\u00bb background_image=\u00a0\u00bbhttps:\/\/toiture-dahm.lu\/wp-content\/uploads\/2020\/06\/holzbau_5.jpg\u00a0\u00bb background_enable_image=\u00a0\u00bbon\u00a0\u00bb background_blend=\u00a0\u00bbmultiply\u00a0\u00bb header_font_size_tablet=\u00a0\u00bb70px\u00a0\u00bb header_font_size_phone=\u00a0\u00bb40px\u00a0\u00bb header_font_size_last_edited=\u00a0\u00bbon|tablet\u00a0\u00bb sticky_transition=\u00a0\u00bbon\u00a0\u00bb][\/et_pb_slide][et_pb_slide heading=\u00a0\u00bbCharpente\u00a0\u00bb _builder_version=\u00a0\u00bb4.4.8&Prime; header_level=\u00a0\u00bbh1&Prime; header_font=\u00a0\u00bb|700|||||||\u00a0\u00bb header_text_align=\u00a0\u00bbcenter\u00a0\u00bb header_font_size=\u00a0\u00bb100px\u00a0\u00bb background_color=\u00a0\u00bbrgba(0,0,0,0.14)\u00a0\u00bb background_enable_color=\u00a0\u00bbon\u00a0\u00bb background_image=\u00a0\u00bbhttps:\/\/toiture-dahm.lu\/wp-content\/uploads\/2020\/06\/holzbau-toiture-dahm-gregor-et-fils-luxembourg-6.jpg\u00a0\u00bb background_enable_image=\u00a0\u00bbon\u00a0\u00bb background_blend=\u00a0\u00bbmultiply\u00a0\u00bb header_font_size_tablet=\u00a0\u00bb70px\u00a0\u00bb header_font_size_phone=\u00a0\u00bb40px\u00a0\u00bb header_font_size_last_edited=\u00a0\u00bbon|tablet\u00a0\u00bb sticky_transition=\u00a0\u00bbon\u00a0\u00bb][\/et_pb_slide][et_pb_slide heading=\u00a0\u00bbCharpente\u00a0\u00bb _builder_version=\u00a0\u00bb4.4.8&Prime; header_level=\u00a0\u00bbh1&Prime; header_font=\u00a0\u00bb|700|||||||\u00a0\u00bb header_text_align=\u00a0\u00bbcenter\u00a0\u00bb header_font_size=\u00a0\u00bb100px\u00a0\u00bb background_color=\u00a0\u00bbrgba(0,0,0,0.14)\u00a0\u00bb background_enable_color=\u00a0\u00bbon\u00a0\u00bb background_image=\u00a0\u00bbhttps:\/\/toiture-dahm.lu\/wp-content\/uploads\/2020\/06\/holzbau-toiture-dahm-gregor-et-fils-luxembourg-13.jpg\u00a0\u00bb background_enable_image=\u00a0\u00bbon\u00a0\u00bb background_blend=\u00a0\u00bbmultiply\u00a0\u00bb header_font_size_tablet=\u00a0\u00bb70px\u00a0\u00bb header_font_size_phone=\u00a0\u00bb40px\u00a0\u00bb header_font_size_last_edited=\u00a0\u00bbon|tablet\u00a0\u00bb sticky_transition=\u00a0\u00bbon\u00a0\u00bb][\/et_pb_slide][\/et_pb_fullwidth_slider][\/et_pb_section][et_pb_section fb_built=\u00a0\u00bb1&Prime; _builder_version=\u00a0\u00bb4.4.2&Prime;][et_pb_row _builder_version=\u00a0\u00bb4.4.2&Prime;][et_pb_column type=\u00a0\u00bb4_4&Prime; _builder_version=\u00a0\u00bb4.4.2&Prime;][et_pb_text _builder_version=\u00a0\u00bb4.6.6&Prime; text_font=\u00a0\u00bbRaleway|800|||||||\u00a0\u00bb text_text_color=\u00a0\u00bb#00143B\u00a0\u00bb text_font_size=\u00a0\u00bb20px\u00a0\u00bb text_line_height=\u00a0\u00bb34px\u00a0\u00bb header_font=\u00a0\u00bbRaleway|700|||||||\u00a0\u00bb header_text_color=\u00a0\u00bb#00143b\u00a0\u00bb text_orientation=\u00a0\u00bbcenter\u00a0\u00bb]<\/p>\n<h1>Charpente<\/h1>\n<p>[\/et_pb_text][\/et_pb_column][\/et_pb_row][et_pb_row _builder_version=\u00a0\u00bb4.4.2&Prime; max_width=\u00a0\u00bb712px\u00a0\u00bb][et_pb_column type=\u00a0\u00bb4_4&Prime; _builder_version=\u00a0\u00bb4.4.2&Prime;][et_pb_text module_class=\u00a0\u00bbborder-style\u00a0\u00bb _builder_version=\u00a0\u00bb4.6.6&Prime; text_font=\u00a0\u00bbRaleway||||||||\u00a0\u00bb text_text_color=\u00a0\u00bb#00143B\u00a0\u00bb text_line_height=\u00a0\u00bb22px\u00a0\u00bb header_2_text_color=\u00a0\u00bb#00143b\u00a0\u00bb header_2_font_size=\u00a0\u00bb20px\u00a0\u00bb custom_margin=\u00a0\u00bb||0px||false|false\u00a0\u00bb custom_padding=\u00a0\u00bb0px||0px|40px|true|false\u00a0\u00bb custom_padding_tablet=\u00a0\u00bb\u00a0\u00bb custom_padding_phone=\u00a0\u00bb|||20px|true|false\u00a0\u00bb custom_padding_last_edited=\u00a0\u00bbon|phone\u00a0\u00bb]<\/p>\n<p><span>La charpente est la structure porteuse d&rsquo;un toit. Elle a pour r\u00f4le de supporter le poids de la couverture du toit \u00e0 l&rsquo;aide de chevrons ou de pannes et de le r\u00e9partir sur l\u2019ensemble des murs porteurs du b\u00e2timent.<\/span><\/p>\n<p><span>En fonction des conditions statiques, nous distingue entre trois types de toits :<\/span><\/p>\n<p>&nbsp;<\/p>\n<ul>\n<li>Toit \u00e0 poutres<\/li>\n<li>Toit de chevrons<\/li>\n<li>Toit de pannes<\/li>\n<\/ul>\n<p><strong><\/strong><\/p>\n<h2><strong>Votre charpente sur-mesure<\/strong><\/h2>\n<p><strong><\/strong><\/p>\n<p>Nous, la soci\u00e9t\u00e9 Dahm, planifions, concevons et r\u00e9alisons le plan de montage de votre charpente sur-mesure. Nous la fabriquons ensuite et proc\u00e9dons \u00e0 son montage.<\/p>\n<p><strong><\/strong><\/p>\n<h2><strong>Nos services dans le domaine de la construction en bois<\/strong><\/h2>\n<p><strong><\/strong><\/p>\n<p>La construction en bois ne comprend pas seulement la mise en place de toits, mais aussi la r\u00e9paration d&rsquo;\u00e9l\u00e9ments de construction. Outre la construction de toits, nous construisons \u00e9galement des maisons \u00e0 colombages, des balcons et des v\u00e9randas. Les b\u00e2timents entiers en bois sont de plus en plus populaires, par exemple les cabanes en rondins, les maisons d&rsquo;\u00e9t\u00e9 et les abris pour voitures.<\/p>\n<p>Beaucoup de nos clients souhaitent que nous installions des lucarnes ou de grandes lucarnes dans les toits existants dans le cadre d&rsquo;une extension de toit, car l&rsquo;extension la plus \u00e9conomique est d&rsquo;utiliser l&rsquo;espace sous le toit.<\/p>\n<p><strong><\/strong><\/p>\n<h2><strong>Contactez-nous pour la cr\u00e9ation et le montage de votre construction en bois<\/strong><\/h2>\n<p><strong><\/strong><\/p>\n<p>Veuillez nous appeler ou utiliser notre formulaire de contact, afin que nous puissions proc\u00e9der \u00e0 une premi\u00e8re consultation sans engagement.<\/p>\n<p>[\/et_pb_text][\/et_pb_column][\/et_pb_row][\/et_pb_section][et_pb_section fb_built=\u00a0\u00bb1&Prime; _builder_version=\u00a0\u00bb4.5.1&Prime; background_color=\u00a0\u00bb#163d8a\u00a0\u00bb background_image=\u00a0\u00bbhttps:\/\/toiture-dahm.lu\/wp-content\/uploads\/2020\/09\/Toiture-Dahm-Gregor-fils-Kontaktformular-Background-1.jpg\u00a0\u00bb background_size=\u00a0\u00bbinitial\u00a0\u00bb background_position=\u00a0\u00bbbottom_left\u00a0\u00bb background_last_edited=\u00a0\u00bbon|phone\u00a0\u00bb background_enable_image_phone=\u00a0\u00bboff\u00a0\u00bb global_module=\u00a0\u00bb19281&Prime;][et_pb_row _builder_version=\u00a0\u00bb4.4.2&Prime;][et_pb_column type=\u00a0\u00bb4_4&Prime; _builder_version=\u00a0\u00bb4.4.2&Prime;][et_pb_text module_class=\u00a0\u00bbtitle-home-banner\u00a0\u00bb _builder_version=\u00a0\u00bb4.4.2&Prime; text_font=\u00a0\u00bbRaleway|800|||||||\u00a0\u00bb text_text_color=\u00a0\u00bb#ffffff\u00a0\u00bb text_font_size=\u00a0\u00bb30px\u00a0\u00bb text_line_height=\u00a0\u00bb40px\u00a0\u00bb text_orientation=\u00a0\u00bbcenter\u00a0\u00bb]<\/p>\n<p>Vous avez besoin d&rsquo;informations compl\u00e9mentaires ?<\/p>\n<p>[\/et_pb_text][et_pb_text _builder_version=\u00a0\u00bb4.4.2&Prime; text_font=\u00a0\u00bbRaleway|500|||||||\u00a0\u00bb text_text_color=\u00a0\u00bb#ffffff\u00a0\u00bb text_line_height=\u00a0\u00bb26px\u00a0\u00bb text_orientation=\u00a0\u00bbcenter\u00a0\u00bb]<\/p>\n<p>Vous avez des questions sur nos services ? Vous pouvez contacter notre service client\u00e8le en remplissant le formulaire de contact !<\/p>\n<p>[\/et_pb_text][et_pb_button button_url=\u00a0\u00bbhttps:\/\/toiture-dahm.lu\/fr\/kontakt\/\u00a0\u00bb button_text=\u00a0\u00bbContactez-nous\u00a0\u00bb button_alignment=\u00a0\u00bbcenter\u00a0\u00bb _builder_version=\u00a0\u00bb4.5.1&Prime; custom_button=\u00a0\u00bbon\u00a0\u00bb button_text_size=\u00a0\u00bb14px\u00a0\u00bb button_text_color=\u00a0\u00bb#ffffff\u00a0\u00bb button_bg_color=\u00a0\u00bb#e09900&Prime; button_border_width=\u00a0\u00bb0px\u00a0\u00bb button_border_radius=\u00a0\u00bb0px\u00a0\u00bb button_font=\u00a0\u00bbRaleway|700|||||||\u00a0\u00bb button_use_icon=\u00a0\u00bboff\u00a0\u00bb custom_padding=\u00a0\u00bb15px|53px|15px|53px|true|true\u00a0\u00bb][\/et_pb_button][\/et_pb_column][\/et_pb_row][\/et_pb_section][et_pb_section fb_built=\u00a0\u00bb1&Prime; disabled_on=\u00a0\u00bbon|on|off\u00a0\u00bb _builder_version=\u00a0\u00bb4.6.6&Prime; _module_preset=\u00a0\u00bbdefault\u00a0\u00bb background_color=\u00a0\u00bb#efefef\u00a0\u00bb min_height=\u00a0\u00bb184px\u00a0\u00bb custom_padding=\u00a0\u00bb50px||50px||true|false\u00a0\u00bb global_module=\u00a0\u00bb18957&Prime; saved_tabs=\u00a0\u00bball\u00a0\u00bb][et_pb_row use_custom_gutter=\u00a0\u00bbon\u00a0\u00bb _builder_version=\u00a0\u00bb4.5.1&Prime; _module_preset=\u00a0\u00bbdefault\u00a0\u00bb width_tablet=\u00a0\u00bb80%\u00a0\u00bb width_phone=\u00a0\u00bb100%\u00a0\u00bb width_last_edited=\u00a0\u00bbon|phone\u00a0\u00bb][et_pb_column type=\u00a0\u00bb4_4&Prime; _builder_version=\u00a0\u00bb4.5.1&Prime; _module_preset=\u00a0\u00bbdefault\u00a0\u00bb][et_pb_text _builder_version=\u00a0\u00bb4.6.6&Prime; _module_preset=\u00a0\u00bbdefault\u00a0\u00bb text_font=\u00a0\u00bbRaleway|700|||||||\u00a0\u00bb text_text_color=\u00a0\u00bb#00143B\u00a0\u00bb text_font_size=\u00a0\u00bb22px\u00a0\u00bb]<\/p>\n<p style=\"text-align: center;\">Label r\u00e9compens\u00e9 par<\/p>\n<p>[\/et_pb_text][\/et_pb_column][\/et_pb_row][et_pb_row column_structure=\u00a0\u00bb1_5,1_5,1_5,1_5,1_5&Prime; _builder_version=\u00a0\u00bb4.6.6&Prime; _module_preset=\u00a0\u00bbdefault\u00a0\u00bb width=\u00a0\u00bb60%\u00a0\u00bb width_tablet=\u00a0\u00bb80%\u00a0\u00bb width_phone=\u00a0\u00bb80%\u00a0\u00bb width_last_edited=\u00a0\u00bbon|desktop\u00a0\u00bb module_alignment=\u00a0\u00bbcenter\u00a0\u00bb][et_pb_column type=\u00a0\u00bb1_5&Prime; _builder_version=\u00a0\u00bb4.6.6&Prime; _module_preset=\u00a0\u00bbdefault\u00a0\u00bb][et_pb_image src=\u00a0\u00bbhttps:\/\/toiture-dahm.lu\/wp-content\/uploads\/2020\/09\/made_in_luxembourg_eps.svg\u00a0\u00bb title_text=\u00a0\u00bbmade_in_luxembourg_eps\u00a0\u00bb align=\u00a0\u00bbcenter\u00a0\u00bb _builder_version=\u00a0\u00bb4.6.6&Prime; _module_preset=\u00a0\u00bbdefault\u00a0\u00bb width_tablet=\u00a0\u00bb50%\u00a0\u00bb width_phone=\u00a0\u00bb50%\u00a0\u00bb width_last_edited=\u00a0\u00bbon|phone\u00a0\u00bb min_height_tablet=\u00a0\u00bb\u00a0\u00bb min_height_phone=\u00a0\u00bb\u00a0\u00bb min_height_last_edited=\u00a0\u00bbon|tablet\u00a0\u00bb][\/et_pb_image][\/et_pb_column][et_pb_column type=\u00a0\u00bb1_5&Prime; _builder_version=\u00a0\u00bb4.5.1&Prime; _module_preset=\u00a0\u00bbdefault\u00a0\u00bb][et_pb_image src=\u00a0\u00bbhttps:\/\/toiture-dahm.lu\/wp-content\/uploads\/2020\/09\/Passivhaus.svg\u00a0\u00bb title_text=\u00a0\u00bbPassivhaus\u00a0\u00bb align=\u00a0\u00bbcenter\u00a0\u00bb _builder_version=\u00a0\u00bb4.6.6&Prime; _module_preset=\u00a0\u00bbdefault\u00a0\u00bb width_tablet=\u00a0\u00bb50%\u00a0\u00bb width_phone=\u00a0\u00bb\u00a0\u00bb width_last_edited=\u00a0\u00bbon|tablet\u00a0\u00bb][\/et_pb_image][\/et_pb_column][et_pb_column type=\u00a0\u00bb1_5&Prime; _builder_version=\u00a0\u00bb4.5.1&Prime; _module_preset=\u00a0\u00bbdefault\u00a0\u00bb][et_pb_image src=\u00a0\u00bbhttps:\/\/toiture-dahm.lu\/wp-content\/uploads\/2020\/09\/Energie-fir-DZukunft-Square-2.svg\u00a0\u00bb title_text=\u00a0\u00bbEnergie fir D&rsquo;Zukunft Square &#8211; 2&Prime; align=\u00a0\u00bbcenter\u00a0\u00bb _builder_version=\u00a0\u00bb4.6.6&Prime; _module_preset=\u00a0\u00bbdefault\u00a0\u00bb width_tablet=\u00a0\u00bb50%\u00a0\u00bb width_phone=\u00a0\u00bb\u00a0\u00bb width_last_edited=\u00a0\u00bbon|tablet\u00a0\u00bb][\/et_pb_image][\/et_pb_column][et_pb_column type=\u00a0\u00bb1_5&Prime; _builder_version=\u00a0\u00bb4.5.1&Prime; _module_preset=\u00a0\u00bbdefault\u00a0\u00bb][et_pb_image src=\u00a0\u00bbhttps:\/\/toiture-dahm.lu\/wp-content\/uploads\/2020\/09\/Super-Dreckskescht.png\u00a0\u00bb title_text=\u00a0\u00bbSuper Dreckskescht\u00a0\u00bb align=\u00a0\u00bbcenter\u00a0\u00bb _builder_version=\u00a0\u00bb4.6.6&Prime; _module_preset=\u00a0\u00bbdefault\u00a0\u00bb width_tablet=\u00a0\u00bb50%\u00a0\u00bb width_phone=\u00a0\u00bb\u00a0\u00bb width_last_edited=\u00a0\u00bbon|tablet\u00a0\u00bb][\/et_pb_image][\/et_pb_column][et_pb_column type=\u00a0\u00bb1_5&Prime; _builder_version=\u00a0\u00bb4.5.1&Prime; _module_preset=\u00a0\u00bbdefault\u00a0\u00bb][et_pb_image src=\u00a0\u00bbhttps:\/\/toiture-dahm.lu\/wp-content\/uploads\/2020\/10\/des-deutschen-dachdeckerhandwerks.png\u00a0\u00bb title_text=\u00a0\u00bbdes-deutschen-dachdeckerhandwerks\u00a0\u00bb align=\u00a0\u00bbcenter\u00a0\u00bb _builder_version=\u00a0\u00bb4.6.6&Prime; _module_preset=\u00a0\u00bbdefault\u00a0\u00bb width_tablet=\u00a0\u00bb50%\u00a0\u00bb width_phone=\u00a0\u00bb\u00a0\u00bb width_last_edited=\u00a0\u00bbon|tablet\u00a0\u00bb][\/et_pb_image][\/et_pb_column][\/et_pb_row][\/et_pb_section][et_pb_section fb_built=\u00a0\u00bb1&Prime; disabled_on=\u00a0\u00bboff|off|on\u00a0\u00bb _builder_version=\u00a0\u00bb4.6.6&Prime; _module_preset=\u00a0\u00bbdefault\u00a0\u00bb background_color=\u00a0\u00bb#efefef\u00a0\u00bb][et_pb_row _builder_version=\u00a0\u00bb4.5.1&Prime; _module_preset=\u00a0\u00bbdefault\u00a0\u00bb][et_pb_column type=\u00a0\u00bb4_4&Prime; _builder_version=\u00a0\u00bb4.5.1&Prime; _module_preset=\u00a0\u00bbdefault\u00a0\u00bb][et_pb_text _builder_version=\u00a0\u00bb4.6.6&Prime; _module_preset=\u00a0\u00bbdefault\u00a0\u00bb text_font=\u00a0\u00bbRaleway|800|||||||\u00a0\u00bb text_text_color=\u00a0\u00bb#00143B\u00a0\u00bb text_font_size=\u00a0\u00bb20px\u00a0\u00bb]<\/p>\n<p style=\"text-align: center;\">Label r\u00e9compens\u00e9 par<\/p>\n<p>[\/et_pb_text][\/et_pb_column][\/et_pb_row][et_pb_row _builder_version=\u00a0\u00bb4.5.1&Prime; _module_preset=\u00a0\u00bbdefault\u00a0\u00bb][et_pb_column type=\u00a0\u00bb4_4&Prime; _builder_version=\u00a0\u00bb4.5.1&Prime; _module_preset=\u00a0\u00bbdefault\u00a0\u00bb][et_pb_text _builder_version=\u00a0\u00bb4.6.6&Prime; _module_preset=\u00a0\u00bbdefault\u00a0\u00bb text_font=\u00a0\u00bbRaleway|800|||||||\u00a0\u00bb text_text_color=\u00a0\u00bb#00143B\u00a0\u00bb text_font_size=\u00a0\u00bb20px\u00a0\u00bb]<\/p>\n<p style=\"text-align: center;\"><img decoding=\"async\" src=\"https:\/\/toiture-dahm.lu\/wp-content\/uploads\/2020\/09\/made_in_luxembourg.png\" alt=\"\" width=\"100\" \/> <img decoding=\"async\" src=\"https:\/\/toiture-dahm.lu\/wp-content\/uploads\/2020\/09\/Passivhaus.png\" alt=\"\" width=\"100\" \/> <img decoding=\"async\" src=\"https:\/\/toiture-dahm.lu\/wp-content\/uploads\/2020\/09\/Energie-fir-dzukunft-1.png\" alt=\"\" width=\"120\" \/><img decoding=\"async\" src=\"https:\/\/toiture-dahm.lu\/wp-content\/uploads\/2020\/09\/Super-Dreckskescht.png\" alt=\"\" width=\"100\" \/><img decoding=\"async\" src=\"https:\/\/toiture-dahm.lu\/wp-content\/uploads\/2020\/10\/des-deutschen-dachdeckerhandwerks.png\" alt=\"\" width=\"90\" \/><\/p>\n<p>[\/et_pb_text][\/et_pb_column][\/et_pb_row][\/et_pb_section]<\/p>\n","protected":false},"excerpt":{"rendered":"<p><div class=\"slider-top\"><\/div>CharpenteLa charpente est la structure porteuse d&rsquo;un toit. Elle a pour r\u00f4le de supporter le poids de la couverture du toit \u00e0 l&rsquo;aide de chevrons ou de pannes et de le r\u00e9partir sur l\u2019ensemble des murs porteurs du b\u00e2timent. En fonction des conditions statiques, nous distingue entre trois types de toits : &nbsp; Toit \u00e0 [&hellip;]<\/p>\n","protected":false},"author":2,"featured_media":0,"parent":0,"menu_order":0,"comment_status":"closed","ping_status":"closed","template":"","meta":{"_acf_changed":false,"_et_pb_use_builder":"on","_et_pb_old_content":"","_et_gb_content_width":"","inline_featured_image":false,"footnotes":""},"class_list":["post-511","page","type-page","status-publish","hentry"],"acf":[],"_links":{"self":[{"href":"https:\/\/toiture-dahm.lu\/fr\/wp-json\/wp\/v2\/pages\/511","targetHints":{"allow":["GET"]}}],"collection":[{"href":"https:\/\/toiture-dahm.lu\/fr\/wp-json\/wp\/v2\/pages"}],"about":[{"href":"https:\/\/toiture-dahm.lu\/fr\/wp-json\/wp\/v2\/types\/page"}],"author":[{"embeddable":true,"href":"https:\/\/toiture-dahm.lu\/fr\/wp-json\/wp\/v2\/users\/2"}],"replies":[{"embeddable":true,"href":"https:\/\/toiture-dahm.lu\/fr\/wp-json\/wp\/v2\/comments?post=511"}],"version-history":[{"count":0,"href":"https:\/\/toiture-dahm.lu\/fr\/wp-json\/wp\/v2\/pages\/511\/revisions"}],"wp:attachment":[{"href":"https:\/\/toiture-dahm.lu\/fr\/wp-json\/wp\/v2\/media?parent=511"}],"curies":[{"name":"wp","href":"https:\/\/api.w.org\/{rel}","templated":true}]}}