{"id":1302,"date":"2020-06-10T22:29:26","date_gmt":"2020-06-10T20:29:26","guid":{"rendered":"http:\/\/toituredahmgregorfils.wedo.lu\/baumfaellung\/"},"modified":"2020-11-05T10:46:35","modified_gmt":"2020-11-05T09:46:35","slug":"elagage","status":"publish","type":"page","link":"https:\/\/toiture-dahm.lu\/fr\/elagage\/","title":{"rendered":"\u00c9lagage"},"content":{"rendered":"<p>[et_pb_section fb_built=\u00a0\u00bb1&Prime; disabled_on=\u00a0\u00bbon|on|on\u00a0\u00bb _builder_version=\u00a0\u00bb4.4.2&Prime; custom_padding=\u00a0\u00bb0px||0px||true|false\u00a0\u00bb disabled=\u00a0\u00bbon\u00a0\u00bb][et_pb_row _builder_version=\u00a0\u00bb4.4.2&Prime; width=\u00a0\u00bb100%\u00a0\u00bb max_width=\u00a0\u00bb2560px\u00a0\u00bb custom_padding=\u00a0\u00bb0px||0px||true|false\u00a0\u00bb][et_pb_column type=\u00a0\u00bb4_4&Prime; _builder_version=\u00a0\u00bb4.4.2&Prime;][et_pb_text _builder_version=\u00a0\u00bb4.4.2&Prime; custom_margin=\u00a0\u00bb||0px||false|false\u00a0\u00bb]<\/p>\n<div class=\"slider-top\"><\/div>\n<p>[\/et_pb_text][et_pb_text module_class=\u00a0\u00bbnumber-video-btn\u00a0\u00bb _builder_version=\u00a0\u00bb4.4.2&Prime;]<\/p>\n<div class=\"number-video\"><\/div>\n<p>[\/et_pb_text][\/et_pb_column][\/et_pb_row][\/et_pb_section][et_pb_section fb_built=\u00a0\u00bb1&Prime; fullwidth=\u00a0\u00bbon\u00a0\u00bb _builder_version=\u00a0\u00bb4.4.2&Prime;][et_pb_fullwidth_slider _builder_version=\u00a0\u00bb4.4.8&Prime; content_width=\u00a0\u00bb100%\u00a0\u00bb min_height=\u00a0\u00bb357px\u00a0\u00bb auto=\u00a0\u00bbon\u00a0\u00bb auto_speed=\u00a0\u00bb5000&Prime;][et_pb_slide heading=\u00a0\u00bb\u00c9lagage\u00a0\u00bb _builder_version=\u00a0\u00bb4.4.8&Prime; header_level=\u00a0\u00bbh4&Prime; header_font=\u00a0\u00bb|700|||||||\u00a0\u00bb header_text_align=\u00a0\u00bbcenter\u00a0\u00bb header_font_size=\u00a0\u00bb100px\u00a0\u00bb background_color=\u00a0\u00bbrgba(0,0,0,0.14)\u00a0\u00bb background_enable_color=\u00a0\u00bbon\u00a0\u00bb background_image=\u00a0\u00bbhttps:\/\/toiture-dahm.lu\/wp-content\/uploads\/2020\/06\/baumfallung-toiture-dahm-gregor-et-fils-luxembourg.jpg\u00a0\u00bb background_enable_image=\u00a0\u00bbon\u00a0\u00bb background_position=\u00a0\u00bbbottom_center\u00a0\u00bb background_blend=\u00a0\u00bbmultiply\u00a0\u00bb custom_padding=\u00a0\u00bb200px||200px||true|false\u00a0\u00bb custom_padding_tablet=\u00a0\u00bb175px||175px||true|false\u00a0\u00bb custom_padding_phone=\u00a0\u00bb100px||100px||true|false\u00a0\u00bb custom_padding_last_edited=\u00a0\u00bbon|desktop\u00a0\u00bb header_font_size_tablet=\u00a0\u00bb70px\u00a0\u00bb header_font_size_phone=\u00a0\u00bb40px\u00a0\u00bb header_font_size_last_edited=\u00a0\u00bbon|phone\u00a0\u00bb sticky_transition=\u00a0\u00bbon\u00a0\u00bb][\/et_pb_slide][et_pb_slide heading=\u00a0\u00bb\u00c9lagage\u00a0\u00bb _builder_version=\u00a0\u00bb4.4.8&Prime; header_level=\u00a0\u00bbh4&Prime; header_font=\u00a0\u00bb|700|||||||\u00a0\u00bb header_text_align=\u00a0\u00bbcenter\u00a0\u00bb header_font_size=\u00a0\u00bb100px\u00a0\u00bb background_color=\u00a0\u00bbrgba(0,0,0,0.14)\u00a0\u00bb background_enable_color=\u00a0\u00bbon\u00a0\u00bb background_image=\u00a0\u00bbhttps:\/\/toiture-dahm.lu\/wp-content\/uploads\/2020\/06\/baumfallen-toiture-dahm-gregor-et-fils-luxembourg.jpg\u00a0\u00bb background_enable_image=\u00a0\u00bbon\u00a0\u00bb background_position=\u00a0\u00bbbottom_center\u00a0\u00bb background_blend=\u00a0\u00bbmultiply\u00a0\u00bb custom_padding=\u00a0\u00bb200px||200px||true|false\u00a0\u00bb custom_padding_tablet=\u00a0\u00bb175px||175px||true|false\u00a0\u00bb custom_padding_phone=\u00a0\u00bb100px||100px||true|false\u00a0\u00bb custom_padding_last_edited=\u00a0\u00bbon|desktop\u00a0\u00bb header_font_size_tablet=\u00a0\u00bb70px\u00a0\u00bb header_font_size_phone=\u00a0\u00bb40px\u00a0\u00bb header_font_size_last_edited=\u00a0\u00bbon|phone\u00a0\u00bb sticky_transition=\u00a0\u00bbon\u00a0\u00bb][\/et_pb_slide][\/et_pb_fullwidth_slider][\/et_pb_section][et_pb_section fb_built=\u00a0\u00bb1&Prime; _builder_version=\u00a0\u00bb4.4.2&Prime;][et_pb_row _builder_version=\u00a0\u00bb4.4.2&Prime;][et_pb_column type=\u00a0\u00bb4_4&Prime; _builder_version=\u00a0\u00bb4.4.2&Prime;][et_pb_text _builder_version=\u00a0\u00bb4.6.6&Prime; text_font=\u00a0\u00bbRaleway|800|||||||\u00a0\u00bb text_text_color=\u00a0\u00bb#00143B\u00a0\u00bb text_font_size=\u00a0\u00bb20px\u00a0\u00bb text_line_height=\u00a0\u00bb34px\u00a0\u00bb header_font=\u00a0\u00bbRaleway|700|||||||\u00a0\u00bb header_text_color=\u00a0\u00bb#00143b\u00a0\u00bb text_orientation=\u00a0\u00bbcenter\u00a0\u00bb]<\/p>\n<h1><span>\u00c9lagage<\/span><\/h1>\n<p>[\/et_pb_text][\/et_pb_column][\/et_pb_row][et_pb_row _builder_version=\u00a0\u00bb4.4.2&Prime; max_width=\u00a0\u00bb712px\u00a0\u00bb][et_pb_column type=\u00a0\u00bb4_4&Prime; _builder_version=\u00a0\u00bb4.4.2&Prime;][et_pb_text module_class=\u00a0\u00bbborder-style\u00a0\u00bb _builder_version=\u00a0\u00bb4.6.6&Prime; text_font=\u00a0\u00bbRaleway||||||||\u00a0\u00bb text_text_color=\u00a0\u00bb#00143B\u00a0\u00bb text_line_height=\u00a0\u00bb22px\u00a0\u00bb header_2_font=\u00a0\u00bbRaleway||||||||\u00a0\u00bb header_2_text_color=\u00a0\u00bb#00143b\u00a0\u00bb header_2_font_size=\u00a0\u00bb19px\u00a0\u00bb header_3_font=\u00a0\u00bbRaleway||||||||\u00a0\u00bb header_3_text_color=\u00a0\u00bb#00143b\u00a0\u00bb header_3_font_size=\u00a0\u00bb19px\u00a0\u00bb header_4_font=\u00a0\u00bbRaleway||||||||\u00a0\u00bb header_4_text_color=\u00a0\u00bb#00143b\u00a0\u00bb header_4_font_size=\u00a0\u00bb19px\u00a0\u00bb custom_margin=\u00a0\u00bb||0px||false|false\u00a0\u00bb custom_padding=\u00a0\u00bb0px||0px|40px|true|false\u00a0\u00bb custom_padding_tablet=\u00a0\u00bb\u00a0\u00bb custom_padding_phone=\u00a0\u00bb|||20px|true|false\u00a0\u00bb custom_padding_last_edited=\u00a0\u00bbon|phone\u00a0\u00bb hover_enabled=\u00a0\u00bb0&Prime; sticky_enabled=\u00a0\u00bb0&Prime;]<\/p>\n<h2>Nous abattons vos arbres de mani\u00e8re contr\u00f4l\u00e9e et s\u00fbre<\/h2>\n<p><strong><\/strong><\/p>\n<p>Pour r\u00e9aliser un abattage d&rsquo;arbres en toute s\u00e9curit\u00e9, diff\u00e9rents crit\u00e8res doivent \u00eatre respect\u00e9s :<\/p>\n<ul>\n<li>Le type d&rsquo;arbre<\/li>\n<li>L&rsquo;\u00e9tat de sant\u00e9 de l&rsquo;arbre<\/li>\n<li>La r\u00e9partition de la charge et de la principale charge de la couronne de l&rsquo;arbre<\/li>\n<li>La croissance de l&rsquo;arbre (tordu\/ droit)<\/li>\n<li>Les environs (routes et trottoirs, lignes \u00e9lectriques, terrains attenants, etc.).<\/li>\n<li>Vents et conditions m\u00e9t\u00e9orologiques<\/li>\n<\/ul>\n<p>Une fois que ces crit\u00e8res ont \u00e9t\u00e9 clarifi\u00e9s et qu&rsquo;il a \u00e9t\u00e9 v\u00e9rifi\u00e9 o\u00f9 l&rsquo;arbre doit \u00eatre abattu, la technique appropri\u00e9e pour l&rsquo;abattage de l&rsquo;arbre est d\u00e9termin\u00e9e et le personnel sp\u00e9cialis\u00e9 n\u00e9cessaire est affect\u00e9.<br \/>\u00c0 Toiture-Dahm, nous n&#8217;employons que des grimpeurs et des coupeurs d&rsquo;arbres exp\u00e9riment\u00e9s pour qui l&rsquo;abattage des arbres est une routine.<\/p>\n<p><strong><\/strong><\/p>\n<h3>Vous voulez que votre arbre soit abattu ? C&rsquo;est comme \u00e7a que \u00e7a se passe :<\/h3>\n<p><strong><\/strong><\/p>\n<p>Si vous avez besoin d&rsquo;abattre un ou plusieurs arbres, veuillez nous appeler ou nous envoyer un message via notre formulaire de contact. Vous \u00eates invit\u00e9s \u00e0 nous informer de toute propri\u00e9t\u00e9 des points \u00e9num\u00e9r\u00e9s ci-dessus que vous connaissez d\u00e9j\u00e0. Si n\u00e9cessaire, nous pouvons alors vous informer si votre propri\u00e9t\u00e9 est un arbre de danger ou non. Cela nous permet de vous donner un co\u00fbt approximatif \u00e0 l&rsquo;avance. Apr\u00e8s avoir pris un rendez-vous, nous proc\u00e9derons \u00e0 une \u00e9tude d\u00e9taill\u00e9e des arbres, c&rsquo;est-\u00e0-dire \u00e0 une analyse de toutes les circonstances, afin de pouvoir ensuite proc\u00e9der \u00e0 un abattage syst\u00e9matique.<\/p>\n<p><strong><\/strong><\/p>\n<h4>Contactez-nous pour un abattage d&rsquo;arbres s\u00fbr et contr\u00f4l\u00e9<\/h4>\n<p><strong><\/strong><\/p>\n<p>Contactez-nous ou utilisez notre <a href=\"\/fr\/contactez-nous\/\">formulaire de contact<\/a>, afin que nous puissions avoir une premi\u00e8re consultation sans engagement.<\/p>\n<p>&nbsp;<\/p>\n<p>[\/et_pb_text][\/et_pb_column][\/et_pb_row][\/et_pb_section][et_pb_section fb_built=\u00a0\u00bb1&Prime; _builder_version=\u00a0\u00bb4.5.1&Prime; background_color=\u00a0\u00bb#163d8a\u00a0\u00bb background_image=\u00a0\u00bbhttps:\/\/toiture-dahm.lu\/wp-content\/uploads\/2020\/09\/Toiture-Dahm-Gregor-fils-Kontaktformular-Background-1.jpg\u00a0\u00bb background_size=\u00a0\u00bbinitial\u00a0\u00bb background_position=\u00a0\u00bbbottom_left\u00a0\u00bb background_last_edited=\u00a0\u00bbon|phone\u00a0\u00bb background_enable_image_phone=\u00a0\u00bboff\u00a0\u00bb global_module=\u00a0\u00bb19281&Prime;][et_pb_row _builder_version=\u00a0\u00bb4.4.2&Prime;][et_pb_column type=\u00a0\u00bb4_4&Prime; _builder_version=\u00a0\u00bb4.4.2&Prime;][et_pb_text module_class=\u00a0\u00bbtitle-home-banner\u00a0\u00bb _builder_version=\u00a0\u00bb4.4.2&Prime; text_font=\u00a0\u00bbRaleway|800|||||||\u00a0\u00bb text_text_color=\u00a0\u00bb#ffffff\u00a0\u00bb text_font_size=\u00a0\u00bb30px\u00a0\u00bb text_line_height=\u00a0\u00bb40px\u00a0\u00bb text_orientation=\u00a0\u00bbcenter\u00a0\u00bb]<\/p>\n<p>Vous avez besoin d&rsquo;informations compl\u00e9mentaires ?<\/p>\n<p>[\/et_pb_text][et_pb_text _builder_version=\u00a0\u00bb4.4.2&Prime; text_font=\u00a0\u00bbRaleway|500|||||||\u00a0\u00bb text_text_color=\u00a0\u00bb#ffffff\u00a0\u00bb text_line_height=\u00a0\u00bb26px\u00a0\u00bb text_orientation=\u00a0\u00bbcenter\u00a0\u00bb]<\/p>\n<p>Vous avez des questions sur nos services ? Vous pouvez contacter notre service client\u00e8le en remplissant le formulaire de contact !<\/p>\n<p>[\/et_pb_text][et_pb_button button_url=\u00a0\u00bbhttps:\/\/toiture-dahm.lu\/fr\/kontakt\/\u00a0\u00bb button_text=\u00a0\u00bbContactez-nous\u00a0\u00bb button_alignment=\u00a0\u00bbcenter\u00a0\u00bb _builder_version=\u00a0\u00bb4.5.1&Prime; custom_button=\u00a0\u00bbon\u00a0\u00bb button_text_size=\u00a0\u00bb14px\u00a0\u00bb button_text_color=\u00a0\u00bb#ffffff\u00a0\u00bb button_bg_color=\u00a0\u00bb#e09900&Prime; button_border_width=\u00a0\u00bb0px\u00a0\u00bb button_border_radius=\u00a0\u00bb0px\u00a0\u00bb button_font=\u00a0\u00bbRaleway|700|||||||\u00a0\u00bb button_use_icon=\u00a0\u00bboff\u00a0\u00bb custom_padding=\u00a0\u00bb15px|53px|15px|53px|true|true\u00a0\u00bb][\/et_pb_button][\/et_pb_column][\/et_pb_row][\/et_pb_section][et_pb_section fb_built=\u00a0\u00bb1&Prime; disabled_on=\u00a0\u00bbon|on|off\u00a0\u00bb _builder_version=\u00a0\u00bb4.6.6&Prime; _module_preset=\u00a0\u00bbdefault\u00a0\u00bb background_color=\u00a0\u00bb#efefef\u00a0\u00bb min_height=\u00a0\u00bb184px\u00a0\u00bb custom_padding=\u00a0\u00bb50px||50px||true|false\u00a0\u00bb global_module=\u00a0\u00bb18957&Prime; saved_tabs=\u00a0\u00bball\u00a0\u00bb][et_pb_row use_custom_gutter=\u00a0\u00bbon\u00a0\u00bb _builder_version=\u00a0\u00bb4.5.1&Prime; _module_preset=\u00a0\u00bbdefault\u00a0\u00bb width_tablet=\u00a0\u00bb80%\u00a0\u00bb width_phone=\u00a0\u00bb100%\u00a0\u00bb width_last_edited=\u00a0\u00bbon|phone\u00a0\u00bb][et_pb_column type=\u00a0\u00bb4_4&Prime; _builder_version=\u00a0\u00bb4.5.1&Prime; _module_preset=\u00a0\u00bbdefault\u00a0\u00bb][et_pb_text _builder_version=\u00a0\u00bb4.6.6&Prime; _module_preset=\u00a0\u00bbdefault\u00a0\u00bb text_font=\u00a0\u00bbRaleway|700|||||||\u00a0\u00bb text_text_color=\u00a0\u00bb#00143B\u00a0\u00bb text_font_size=\u00a0\u00bb22px\u00a0\u00bb]<\/p>\n<p style=\"text-align: center;\">Label r\u00e9compens\u00e9 par<\/p>\n<p>[\/et_pb_text][\/et_pb_column][\/et_pb_row][et_pb_row column_structure=\u00a0\u00bb1_5,1_5,1_5,1_5,1_5&Prime; _builder_version=\u00a0\u00bb4.6.6&Prime; _module_preset=\u00a0\u00bbdefault\u00a0\u00bb width=\u00a0\u00bb60%\u00a0\u00bb width_tablet=\u00a0\u00bb80%\u00a0\u00bb width_phone=\u00a0\u00bb80%\u00a0\u00bb width_last_edited=\u00a0\u00bbon|desktop\u00a0\u00bb module_alignment=\u00a0\u00bbcenter\u00a0\u00bb][et_pb_column type=\u00a0\u00bb1_5&Prime; _builder_version=\u00a0\u00bb4.6.6&Prime; _module_preset=\u00a0\u00bbdefault\u00a0\u00bb][et_pb_image src=\u00a0\u00bbhttps:\/\/toiture-dahm.lu\/wp-content\/uploads\/2020\/09\/made_in_luxembourg_eps.svg\u00a0\u00bb title_text=\u00a0\u00bbmade_in_luxembourg_eps\u00a0\u00bb align=\u00a0\u00bbcenter\u00a0\u00bb _builder_version=\u00a0\u00bb4.6.6&Prime; _module_preset=\u00a0\u00bbdefault\u00a0\u00bb width_tablet=\u00a0\u00bb50%\u00a0\u00bb width_phone=\u00a0\u00bb50%\u00a0\u00bb width_last_edited=\u00a0\u00bbon|phone\u00a0\u00bb min_height_tablet=\u00a0\u00bb\u00a0\u00bb min_height_phone=\u00a0\u00bb\u00a0\u00bb min_height_last_edited=\u00a0\u00bbon|tablet\u00a0\u00bb][\/et_pb_image][\/et_pb_column][et_pb_column type=\u00a0\u00bb1_5&Prime; _builder_version=\u00a0\u00bb4.5.1&Prime; _module_preset=\u00a0\u00bbdefault\u00a0\u00bb][et_pb_image src=\u00a0\u00bbhttps:\/\/toiture-dahm.lu\/wp-content\/uploads\/2020\/09\/Passivhaus.svg\u00a0\u00bb title_text=\u00a0\u00bbPassivhaus\u00a0\u00bb align=\u00a0\u00bbcenter\u00a0\u00bb _builder_version=\u00a0\u00bb4.6.6&Prime; _module_preset=\u00a0\u00bbdefault\u00a0\u00bb width_tablet=\u00a0\u00bb50%\u00a0\u00bb width_phone=\u00a0\u00bb\u00a0\u00bb width_last_edited=\u00a0\u00bbon|tablet\u00a0\u00bb][\/et_pb_image][\/et_pb_column][et_pb_column type=\u00a0\u00bb1_5&Prime; _builder_version=\u00a0\u00bb4.5.1&Prime; _module_preset=\u00a0\u00bbdefault\u00a0\u00bb][et_pb_image src=\u00a0\u00bbhttps:\/\/toiture-dahm.lu\/wp-content\/uploads\/2020\/09\/Energie-fir-DZukunft-Square-2.svg\u00a0\u00bb title_text=\u00a0\u00bbEnergie fir D&rsquo;Zukunft Square &#8211; 2&Prime; align=\u00a0\u00bbcenter\u00a0\u00bb _builder_version=\u00a0\u00bb4.6.6&Prime; _module_preset=\u00a0\u00bbdefault\u00a0\u00bb width_tablet=\u00a0\u00bb50%\u00a0\u00bb width_phone=\u00a0\u00bb\u00a0\u00bb width_last_edited=\u00a0\u00bbon|tablet\u00a0\u00bb][\/et_pb_image][\/et_pb_column][et_pb_column type=\u00a0\u00bb1_5&Prime; _builder_version=\u00a0\u00bb4.5.1&Prime; _module_preset=\u00a0\u00bbdefault\u00a0\u00bb][et_pb_image src=\u00a0\u00bbhttps:\/\/toiture-dahm.lu\/wp-content\/uploads\/2020\/09\/Super-Dreckskescht.png\u00a0\u00bb title_text=\u00a0\u00bbSuper Dreckskescht\u00a0\u00bb align=\u00a0\u00bbcenter\u00a0\u00bb _builder_version=\u00a0\u00bb4.6.6&Prime; _module_preset=\u00a0\u00bbdefault\u00a0\u00bb width_tablet=\u00a0\u00bb50%\u00a0\u00bb width_phone=\u00a0\u00bb\u00a0\u00bb width_last_edited=\u00a0\u00bbon|tablet\u00a0\u00bb][\/et_pb_image][\/et_pb_column][et_pb_column type=\u00a0\u00bb1_5&Prime; _builder_version=\u00a0\u00bb4.5.1&Prime; _module_preset=\u00a0\u00bbdefault\u00a0\u00bb][et_pb_image src=\u00a0\u00bbhttps:\/\/toiture-dahm.lu\/wp-content\/uploads\/2020\/10\/des-deutschen-dachdeckerhandwerks.png\u00a0\u00bb title_text=\u00a0\u00bbdes-deutschen-dachdeckerhandwerks\u00a0\u00bb align=\u00a0\u00bbcenter\u00a0\u00bb _builder_version=\u00a0\u00bb4.6.6&Prime; _module_preset=\u00a0\u00bbdefault\u00a0\u00bb width_tablet=\u00a0\u00bb50%\u00a0\u00bb width_phone=\u00a0\u00bb\u00a0\u00bb width_last_edited=\u00a0\u00bbon|tablet\u00a0\u00bb][\/et_pb_image][\/et_pb_column][\/et_pb_row][\/et_pb_section][et_pb_section fb_built=\u00a0\u00bb1&Prime; disabled_on=\u00a0\u00bboff|off|on\u00a0\u00bb _builder_version=\u00a0\u00bb4.6.6&Prime; _module_preset=\u00a0\u00bbdefault\u00a0\u00bb background_color=\u00a0\u00bb#efefef\u00a0\u00bb][et_pb_row _builder_version=\u00a0\u00bb4.5.1&Prime; _module_preset=\u00a0\u00bbdefault\u00a0\u00bb][et_pb_column type=\u00a0\u00bb4_4&Prime; _builder_version=\u00a0\u00bb4.5.1&Prime; _module_preset=\u00a0\u00bbdefault\u00a0\u00bb][et_pb_text _builder_version=\u00a0\u00bb4.6.6&Prime; _module_preset=\u00a0\u00bbdefault\u00a0\u00bb text_font=\u00a0\u00bbRaleway|800|||||||\u00a0\u00bb text_text_color=\u00a0\u00bb#00143B\u00a0\u00bb text_font_size=\u00a0\u00bb20px\u00a0\u00bb]<\/p>\n<p style=\"text-align: center;\">Label r\u00e9compens\u00e9 par<\/p>\n<p>[\/et_pb_text][\/et_pb_column][\/et_pb_row][et_pb_row _builder_version=\u00a0\u00bb4.5.1&Prime; _module_preset=\u00a0\u00bbdefault\u00a0\u00bb][et_pb_column type=\u00a0\u00bb4_4&Prime; _builder_version=\u00a0\u00bb4.5.1&Prime; _module_preset=\u00a0\u00bbdefault\u00a0\u00bb][et_pb_text _builder_version=\u00a0\u00bb4.6.6&Prime; _module_preset=\u00a0\u00bbdefault\u00a0\u00bb text_font=\u00a0\u00bbRaleway|800|||||||\u00a0\u00bb text_text_color=\u00a0\u00bb#00143B\u00a0\u00bb text_font_size=\u00a0\u00bb20px\u00a0\u00bb]<\/p>\n<p style=\"text-align: center;\"><img decoding=\"async\" src=\"https:\/\/toiture-dahm.lu\/wp-content\/uploads\/2020\/09\/made_in_luxembourg.png\" alt=\"\" width=\"100\" \/> <img decoding=\"async\" src=\"https:\/\/toiture-dahm.lu\/wp-content\/uploads\/2020\/09\/Passivhaus.png\" alt=\"\" width=\"100\" \/> <img decoding=\"async\" src=\"https:\/\/toiture-dahm.lu\/wp-content\/uploads\/2020\/09\/Energie-fir-dzukunft-1.png\" alt=\"\" width=\"120\" \/><img decoding=\"async\" src=\"https:\/\/toiture-dahm.lu\/wp-content\/uploads\/2020\/09\/Super-Dreckskescht.png\" alt=\"\" width=\"100\" \/><img decoding=\"async\" src=\"https:\/\/toiture-dahm.lu\/wp-content\/uploads\/2020\/10\/des-deutschen-dachdeckerhandwerks.png\" alt=\"\" width=\"90\" \/><\/p>\n<p>[\/et_pb_text][\/et_pb_column][\/et_pb_row][\/et_pb_section]<\/p>\n","protected":false},"excerpt":{"rendered":"<p><div class=\"slider-top\"><\/div>\u00c9lagageNous abattons vos arbres de mani\u00e8re contr\u00f4l\u00e9e et s\u00fbre Pour r\u00e9aliser un abattage d&rsquo;arbres en toute s\u00e9curit\u00e9, diff\u00e9rents crit\u00e8res doivent \u00eatre respect\u00e9s : Le type d&rsquo;arbre L&rsquo;\u00e9tat de sant\u00e9 de l&rsquo;arbre La r\u00e9partition de la charge et de la principale charge de la couronne de l&rsquo;arbre La croissance de l&rsquo;arbre (tordu\/ droit) Les environs (routes [&hellip;]<\/p>\n","protected":false},"author":2,"featured_media":0,"parent":0,"menu_order":0,"comment_status":"closed","ping_status":"closed","template":"","meta":{"_acf_changed":false,"_et_pb_use_builder":"on","_et_pb_old_content":"","_et_gb_content_width":"","inline_featured_image":false,"footnotes":""},"class_list":["post-1302","page","type-page","status-publish","hentry"],"acf":[],"_links":{"self":[{"href":"https:\/\/toiture-dahm.lu\/fr\/wp-json\/wp\/v2\/pages\/1302","targetHints":{"allow":["GET"]}}],"collection":[{"href":"https:\/\/toiture-dahm.lu\/fr\/wp-json\/wp\/v2\/pages"}],"about":[{"href":"https:\/\/toiture-dahm.lu\/fr\/wp-json\/wp\/v2\/types\/page"}],"author":[{"embeddable":true,"href":"https:\/\/toiture-dahm.lu\/fr\/wp-json\/wp\/v2\/users\/2"}],"replies":[{"embeddable":true,"href":"https:\/\/toiture-dahm.lu\/fr\/wp-json\/wp\/v2\/comments?post=1302"}],"version-history":[{"count":0,"href":"https:\/\/toiture-dahm.lu\/fr\/wp-json\/wp\/v2\/pages\/1302\/revisions"}],"wp:attachment":[{"href":"https:\/\/toiture-dahm.lu\/fr\/wp-json\/wp\/v2\/media?parent=1302"}],"curies":[{"name":"wp","href":"https:\/\/api.w.org\/{rel}","templated":true}]}}